{"id":103,"date":"2017-04-02T11:41:52","date_gmt":"2017-04-02T09:41:52","guid":{"rendered":"http:\/\/www.msg-bussard.de\/?page_id=103"},"modified":"2017-04-11T13:31:34","modified_gmt":"2017-04-11T11:31:34","slug":"flugbetriebsordnung","status":"publish","type":"page","link":"https:\/\/www.msg-bussard.de\/?page_id=103","title":{"rendered":"Flugbetriebsordnung"},"content":{"rendered":"<div class=\"csc-default\">\n<h2 class=\"art-postheader\">(Kurzfassung)<\/h2>\n<blockquote>\n<p class=\"art-postmetadataheader\"><strong>\u00a7 1<\/strong><\/p>\n<\/blockquote>\n<p class=\"art-postmetadataheader\" style=\"padding-left: 30px;\">1. Mit Betreten des Modellflugplatzes erkennt jeder die Flugbetriebsordnung an. Es gilt \u00a71 der LuftVO.<\/p>\n<\/div>\n<p style=\"padding-left: 30px;\">2. Teilnehmer am Modellflugbetrieb haben sich so zu verhalten, dass die allgemeine Sicherheit und Ordnung sowie der Flugbetrieb weder gef\u00e4hrdet noch eingeschr\u00e4nkt wird.<\/p>\n<blockquote>\n<p class=\"csc-default\"><strong>\u00a7 2<\/strong><\/p>\n<\/blockquote>\n<p class=\"csc-default\" style=\"padding-left: 30px;\">Bei einem Modellflugbetrieb in der Luft und\/oder am Boden mit mehr als drei potenziellen Piloten, ist ein Flugleiter zu bestimmen. Der Flugleiter ist zu jeder Zeit uneingeschr\u00e4nkt weisungsberechtigt (Hausrecht).<\/p>\n<blockquote>\n<p class=\"csc-default\"><strong>\u00a7 3<\/strong><\/p>\n<\/blockquote>\n<p class=\"csc-default\" style=\"padding-left: 30px;\">1. Generell ist der Nachweis eines g\u00fcltigen Versicherungsschutzes Pflicht, nur DMFV oder DAEC werden akzeptiert.<\/p>\n<p style=\"padding-left: 30px;\">2. Gastflieger ohne Vereinszugeh\u00f6rigkeit d\u00fcrfen nur bei Anwesenheit von mindestens drei Mitgliedern und g\u00fcltiger Versicherung fliegen.<\/p>\n<p class=\"csc-default\" style=\"padding-left: 30px;\">3. Gastflieger mit eindeutiger Vereinszugeh\u00f6rigkeit (Fremdverein) und g\u00fcltiger Versicherung d\u00fcrfen in Anwesenheit mindestens eines Mitglieds fliegen.<\/p>\n<p style=\"padding-left: 30px;\">4. Modellfluganf\u00e4nger d\u00fcrfen nur unter Aufsicht und Anleitung eines erfahrenen Modellflug Piloten ein Flugmodell steuern. Lehrer und Sch\u00fcler m\u00fcssen sich gesondert namentlich im Protokoll eintragen.<\/p>\n<blockquote>\n<p class=\"csc-default\"><strong>\u00a7 4<\/strong><\/p>\n<\/blockquote>\n<p class=\"csc-default\" style=\"padding-left: 30px;\">1. Flugbetriebszeiten: 09.00 Uhr bis Sonnenuntergang, l\u00e4ngstens jedoch bis 21.00 Uhr.<\/p>\n<p class=\"csc-default\" style=\"padding-left: 30px;\">2. Die eingeteilten Flugbetriebssektoren sind einzuhalten: 300 m im Radius sowie &lt; 760 m H\u00f6he.<\/p>\n<blockquote>\n<p class=\"csc-default\"><strong>\u00a7 5<\/strong><\/p>\n<\/blockquote>\n<p class=\"csc-default\" style=\"padding-left: 30px;\">Im Flugbetrieb ist grunds\u00e4tzlich ein gemeinsamer Standort der steuernden Piloten nach Absprache einzuhalten.<\/p>\n<blockquote>\n<p class=\"csc-default\"><strong>\u00a7 6<\/strong><\/p>\n<\/blockquote>\n<p class=\"csc-default\" style=\"padding-left: 30px;\">1. Der Aufenthalt innerhalb des Flugbetriebsraumes (Startvorbereitungspl\u00e4tze f\u00fcr Motorflieger, Startstelle der Segelflieger nebst Verlaufbereich von Hochstartseilen, sowie der gesamte Start, Lande und Einflussbereich des Flugplatzes) ist bei Flugbetrieb nur den Modellflugpiloten und deren Helfern, sowie Vereinsmitgliedern die f\u00fcr die Aufrechterhaltung der Sicherheit und Ordnung unbedingt notwendig sind, gestattet.<\/p>\n<p style=\"padding-left: 30px;\">2. Das Betreten der Start und Landefl\u00e4che hat auf dem k\u00fcrzesten Wege und unter \u00e4u\u00dferster Vorsicht zu erfolgen. Unn\u00f6tiger Aufenthalt ist untersagt. Gelandete oder nicht startf\u00e4hige Flugmodelle sind unverz\u00fcglich vom Flugfeld zu bergen.<\/p>\n<blockquote>\n<p class=\"csc-default\"><strong>\u00a7 7<\/strong><\/p>\n<\/blockquote>\n<p class=\"csc-default\" style=\"padding-left: 30px;\">Eintrag ins Flugbuch ist Pflicht.<\/p>\n<blockquote><p><strong>\u00a7 8<\/strong><\/p><\/blockquote>\n<p style=\"padding-left: 30px;\">Unf\u00e4lle sind dem Flugleiter und\/oder dem Vorstand zu melden.<\/p>\n<blockquote><p><strong>\u00a7 9<\/strong><\/p><\/blockquote>\n<p class=\"csc-default\" style=\"padding-left: 30px;\">1. Die Benutzung des Modellflugplatzes einschlie\u00dflich des Zuschauerraumes und der Zuwege geschieht grunds\u00e4tzlich auf eigene Gefahr.<\/p>\n<p style=\"padding-left: 30px;\">2. Zuschauer halten sich grunds\u00e4tzlich im Zuschauerraum auf. Hunde sind an der Leine zu f\u00fchren.<\/p>\n<blockquote>\n<p class=\"csc-default\"><strong>\u00a7 10<\/strong><\/p>\n<\/blockquote>\n<p class=\"csc-default\" style=\"padding-left: 30px;\">Verst\u00f6\u00dfe gegen die Flugbetriebsordnung k\u00f6nnen durch den Flugleiter durch Tagesflugverbot bis hin zum Ausschluss aus dem Verein durch den Vorstand geahndet werden.<\/p>\n<p style=\"padding-left: 30px;\">Diese Flugbetriebsordnung tritt ab sofort in Kraft.<\/p>\n<p style=\"padding-left: 30px;\">Alle vorherigen Fassungen verlieren hiermit ihre G\u00fcltigkeit.<\/p>\n<p style=\"padding-left: 30px;\">S\u00fclbeck, 21.03.2014 \u00a0\u00a0\u00a0\u00a0\u00a0Der Vorstand<\/p>\n<p style=\"padding-left: 330px;\">1.Vorsitzender\u00a0\u00a0\u00a0\u00a0\u00a0\u00a0\u00a0\u00a0\u00a0\u00a0\u00a0\u00a0 2.Vorsitzender<\/p>\n<p style=\"padding-left: 330px;\">Peter Kempny \u00a0\u00a0 \u00a0\u00a0\u00a0\u00a0\u00a0\u00a0\u00a0\u00a0 Thomas Ehmke<\/p>\n","protected":false},"excerpt":{"rendered":"<p>(Kurzfassung) \u00a7 1 1. Mit Betreten des Modellflugplatzes erkennt jeder die Flugbetriebsordnung an. Es gilt \u00a71 der LuftVO. 2. Teilnehmer am Modellflugbetrieb haben sich so zu verhalten, dass die allgemeine Sicherheit und Ordnung sowie der Flugbetrieb weder gef\u00e4hrdet noch eingeschr\u00e4nkt wird. \u00a7 2 Bei einem Modellflugbetrieb in der Luft und\/oder am Boden mit mehr als &#8230;<\/p>\n","protected":false},"author":1,"featured_media":0,"parent":96,"menu_order":0,"comment_status":"closed","ping_status":"closed","template":"","meta":{"jetpack_post_was_ever_published":false,"footnotes":""},"class_list":["post-103","page","type-page","status-publish","hentry"],"jetpack_sharing_enabled":true,"jetpack_shortlink":"https:\/\/wp.me\/P8AbUy-1F","jetpack-related-posts":[{"id":69,"url":"https:\/\/www.msg-bussard.de\/?page_id=69","url_meta":{"origin":103,"position":0},"title":"Satzung","author":"Andre Schmitz","date":"2. April 2017","format":false,"excerpt":"der Modellflug-Sport-Gemeinschaft-Bussard e.V. \u00a0 \u00a71 NAME. SITZ. GERICHTSSTAND und GR\u00dcNDUNG Der Verein tr\u00e4gt den Namen \" Modellflug-Sport-Gemeinschaft-Bussard \" mit dem Zusatz \" e.V. \" Der Sitz des Vereins ist Wittorf. Der Gerichtsstand ist L\u00fcneburg. Der Gr\u00fcndungstag ist der 31. Januar 1981 und der Gr\u00fcndungsort Wittorf. \u00a0 \u00a72 ZWECK und ZIEL\u2026","rel":"","context":"\u00c4hnlicher Beitrag","block_context":{"text":"\u00c4hnlicher Beitrag","link":""},"img":{"alt_text":"","src":"","width":0,"height":0},"classes":[]},{"id":140,"url":"https:\/\/www.msg-bussard.de\/?page_id=140","url_meta":{"origin":103,"position":1},"title":"Presseberichte","author":"Andre Schmitz","date":"2. April 2017","format":false,"excerpt":"Zeitungsbericht aus der L\u00fcneburger Landeszeitung vom 23.07.2016 Modellflieger heben ab (\u201eDer Kreisbote\u201c) Zu Besuch auf dem Flugplatz in S\u00fclbeck Jetzt heben sie wieder ab, die Modellflieger in S\u00fclbeck. Die KREISBOTEN haben Peter Kempny \u00a0 \u00a0 \u00a0 \u00a0 \u00a0 \u00a0 (Foto: the) und seine Freunde von der Modellsportgruppe Bussard auf dem\u2026","rel":"","context":"\u00c4hnlicher Beitrag","block_context":{"text":"\u00c4hnlicher Beitrag","link":""},"img":{"alt_text":"IMG_9546","src":"https:\/\/msgbussard.files.wordpress.com\/2017\/03\/img_9546.jpg?w=350&h=200&crop=1","width":350,"height":200},"classes":[]},{"id":287,"url":"https:\/\/www.msg-bussard.de\/?page_id=287","url_meta":{"origin":103,"position":2},"title":"Wie ich zum RC-Sport kam &#8230; ein Selbstportrait","author":"Andre Schmitz","date":"10. April 2017","format":false,"excerpt":"April, 2017 Vor guten 4 Jahren packte mich das RC-Virus. Ein Freund dr\u00fcckte mir einen kl. Heli in die Hand, und damit fing es an. Nachdem ich diesen zum Leidwesen des Freundes sofort an die Zimmerdecke geflogen hatte, kaufte ich Ersatz und einen eigenen Heli f\u00fcr mich. Nachdem ich im\u2026","rel":"","context":"\u00c4hnlicher Beitrag","block_context":{"text":"\u00c4hnlicher Beitrag","link":""},"img":{"alt_text":"","src":"https:\/\/i0.wp.com\/www.msg-bussard.de\/wp-content\/uploads\/2017\/04\/KDS-Model-300x225.jpg?resize=350%2C200","width":350,"height":200},"classes":[]},{"id":16,"url":"https:\/\/www.msg-bussard.de\/","url_meta":{"origin":103,"position":3},"title":"Herzlich Willkommen bei der Modellfluggemeinschaft\u2026","author":"Andre Schmitz","date":"27. M\u00e4rz 2017","format":false,"excerpt":"Herzlich Willkommen bei der Modellfluggemeinschaft Bussard e.V. f\u00fcr Elektroflug in S\u00fclbeck, Landkreis L\u00fcneburg! Die MSG wurde in den 70iger Jahren mit Standort in Wittorf (SG Bardowick) gegr\u00fcndet, Ende der 80iger Jahre wurde durch Infrastrukturma\u00dfnahmen (Ausbau der A 39\/B 404) die Aufstiegsgenehmigung f\u00fcr das gepachtete Vereinsgel\u00e4nde widerrufen. Die zugesagte Unterst\u00fctzung f\u00fcr\u2026","rel":"","context":"\u00c4hnlicher Beitrag","block_context":{"text":"\u00c4hnlicher Beitrag","link":""},"img":{"alt_text":"","src":"https:\/\/i0.wp.com\/www.msg-bussard.de\/wp-content\/uploads\/2017\/03\/cropped-cropped-header_1.jpg?fit=1200%2C378&ssl=1&resize=350%2C200","width":350,"height":200,"srcset":"https:\/\/i0.wp.com\/www.msg-bussard.de\/wp-content\/uploads\/2017\/03\/cropped-cropped-header_1.jpg?fit=1200%2C378&ssl=1&resize=350%2C200 1x, https:\/\/i0.wp.com\/www.msg-bussard.de\/wp-content\/uploads\/2017\/03\/cropped-cropped-header_1.jpg?fit=1200%2C378&ssl=1&resize=525%2C300 1.5x, https:\/\/i0.wp.com\/www.msg-bussard.de\/wp-content\/uploads\/2017\/03\/cropped-cropped-header_1.jpg?fit=1200%2C378&ssl=1&resize=700%2C400 2x, https:\/\/i0.wp.com\/www.msg-bussard.de\/wp-content\/uploads\/2017\/03\/cropped-cropped-header_1.jpg?fit=1200%2C378&ssl=1&resize=1050%2C600 3x"},"classes":[]},{"id":59,"url":"https:\/\/www.msg-bussard.de\/?page_id=59","url_meta":{"origin":103,"position":4},"title":"Impressum","author":"Andre Schmitz","date":"2. April 2017","format":false,"excerpt":"Modellflug-Sport-Gemeinschaft-Bussard e. V. Teichaue 40 21365 Adendorf Mitglied 04\/062 im Deutschen Modellflieger Verband e.V. Telefon: 0175 4586363 E-Mail: info[ADD]msg-bussard.de Internet: www.msg-bussard.de Vertretungsberechtigter Vorstand: Timo Meyer (Vorsitzender), (Anschrift wie oben), Registergericht: Amtsgericht L\u00fcneburg Registernummer: 20VR 801 Inhaltlich Verantwortlicher gem\u00e4\u00df \u00a7 55 Abs. 2 RStV: Timo Meyer (Anschrift wie oben) Haftungshinweis: Trotz\u2026","rel":"","context":"\u00c4hnlicher Beitrag","block_context":{"text":"\u00c4hnlicher Beitrag","link":""},"img":{"alt_text":"","src":"https:\/\/i0.wp.com\/www.msg-bussard.de\/wp-content\/uploads\/2017\/03\/header_5.jpg?fit=950%2C300&ssl=1&resize=350%2C200","width":350,"height":200,"srcset":"https:\/\/i0.wp.com\/www.msg-bussard.de\/wp-content\/uploads\/2017\/03\/header_5.jpg?fit=950%2C300&ssl=1&resize=350%2C200 1x, https:\/\/i0.wp.com\/www.msg-bussard.de\/wp-content\/uploads\/2017\/03\/header_5.jpg?fit=950%2C300&ssl=1&resize=525%2C300 1.5x, https:\/\/i0.wp.com\/www.msg-bussard.de\/wp-content\/uploads\/2017\/03\/header_5.jpg?fit=950%2C300&ssl=1&resize=700%2C400 2x"},"classes":[]},{"id":308,"url":"https:\/\/www.msg-bussard.de\/?page_id=308","url_meta":{"origin":103,"position":5},"title":"Downloads","author":"Andre Schmitz","date":"10. April 2017","format":false,"excerpt":"PDF-Dateien zum downloaden ... DMFV Aktualisierung - Neue Luftverkehrs-Ordnung vom 7.04.2017 SATZUNG des MSG-Bussard e. V. - Stand: 3.03.2017 Flugbetriebsordnung_des MSG-Bussard e. V. - Stand: 21.03.2014 Kurzfassung der Flugbetriebsordnung des MSG-Bussard e. V. - Stand: 21.03.2014 .Aufnahmeantrag f\u00fcr die Mitgliedschaft im MSG Bussard e. V. ab 08.03.2024 Datenschutzrichtlinie der Modellsportgemeinschaft\u2026","rel":"","context":"\u00c4hnlicher Beitrag","block_context":{"text":"\u00c4hnlicher Beitrag","link":""},"img":{"alt_text":"","src":"https:\/\/i0.wp.com\/www.msg-bussard.de\/wp-content\/uploads\/2017\/04\/logo.png?resize=350%2C200","width":350,"height":200},"classes":[]}],"_links":{"self":[{"href":"https:\/\/www.msg-bussard.de\/index.php?rest_route=\/wp\/v2\/pages\/103","targetHints":{"allow":["GET"]}}],"collection":[{"href":"https:\/\/www.msg-bussard.de\/index.php?rest_route=\/wp\/v2\/pages"}],"about":[{"href":"https:\/\/www.msg-bussard.de\/index.php?rest_route=\/wp\/v2\/types\/page"}],"author":[{"embeddable":true,"href":"https:\/\/www.msg-bussard.de\/index.php?rest_route=\/wp\/v2\/users\/1"}],"replies":[{"embeddable":true,"href":"https:\/\/www.msg-bussard.de\/index.php?rest_route=%2Fwp%2Fv2%2Fcomments&post=103"}],"version-history":[{"count":14,"href":"https:\/\/www.msg-bussard.de\/index.php?rest_route=\/wp\/v2\/pages\/103\/revisions"}],"predecessor-version":[{"id":329,"href":"https:\/\/www.msg-bussard.de\/index.php?rest_route=\/wp\/v2\/pages\/103\/revisions\/329"}],"up":[{"embeddable":true,"href":"https:\/\/www.msg-bussard.de\/index.php?rest_route=\/wp\/v2\/pages\/96"}],"wp:attachment":[{"href":"https:\/\/www.msg-bussard.de\/index.php?rest_route=%2Fwp%2Fv2%2Fmedia&parent=103"}],"curies":[{"name":"wp","href":"https:\/\/api.w.org\/{rel}","templated":true}]}}