{"id":138,"date":"2017-04-02T12:26:44","date_gmt":"2017-04-02T10:26:44","guid":{"rendered":"http:\/\/www.msg-bussard.de\/?page_id=138"},"modified":"2022-11-07T12:15:59","modified_gmt":"2022-11-07T11:15:59","slug":"aufnahmeantrag","status":"publish","type":"page","link":"https:\/\/www.msg-bussard.de\/?page_id=138","title":{"rendered":"Aufnahmeformulare"},"content":{"rendered":"<h3><a href=\"http:\/\/www.msg-bussard.de\/wp-content\/uploads\/2022\/11\/Aufnahmeantrag-MSG-Bussard-ab-11-2022.pdf\">Aufnahmeantrag<\/a><\/h3>\n<h3><a href=\"http:\/\/www.msg-bussard.de\/wp-content\/uploads\/2022\/11\/SEPA-Lastschriftmandat-MSG-Bussard-ab-11-2022.pdf\">SEPA-Lastschriftmandat<\/a><\/h3>\n<h5><a href=\"http:\/\/www.msg-bussard.de\/wp-content\/uploads\/2018\/06\/Datenschutzrichtlinie-der-Modellsportgemeinschaft-Bussard.pdf\" rel=\"noopener\"><span style=\"color: #ff0000;\">Datenschutzrichtlinie der Modellsport-Gemeinschaft Bussard e. V.<\/span><\/a><\/h5>\n\n\n<p><\/p>\n","protected":false},"excerpt":{"rendered":"<p>Aufnahmeantrag SEPA-Lastschriftmandat Datenschutzrichtlinie der Modellsport-Gemeinschaft Bussard e. V.<\/p>\n","protected":false},"author":1,"featured_media":50,"parent":96,"menu_order":0,"comment_status":"closed","ping_status":"closed","template":"template-full-width.php","meta":{"jetpack_post_was_ever_published":false,"footnotes":""},"class_list":["post-138","page","type-page","status-publish","has-post-thumbnail","hentry"],"jetpack_sharing_enabled":true,"jetpack_shortlink":"https:\/\/wp.me\/P8AbUy-2e","jetpack-related-posts":[{"id":308,"url":"https:\/\/www.msg-bussard.de\/?page_id=308","url_meta":{"origin":138,"position":0},"title":"Downloads","author":"Andre Schmitz","date":"10. April 2017","format":false,"excerpt":"PDF-Dateien zum downloaden ... DMFV Aktualisierung - Neue Luftverkehrs-Ordnung vom 7.04.2017 SATZUNG des MSG-Bussard e. V. - Stand: 3.03.2017 Flugbetriebsordnung_des MSG-Bussard e. V. - Stand: 21.03.2014 Kurzfassung der Flugbetriebsordnung des MSG-Bussard e. V. - Stand: 21.03.2014 .Aufnahmeantrag f\u00fcr die Mitgliedschaft im MSG Bussard e. V. ab 08.03.2024 Datenschutzrichtlinie der Modellsportgemeinschaft\u2026","rel":"","context":"\u00c4hnlicher Beitrag","block_context":{"text":"\u00c4hnlicher Beitrag","link":""},"img":{"alt_text":"","src":"https:\/\/i0.wp.com\/www.msg-bussard.de\/wp-content\/uploads\/2017\/04\/logo.png?resize=350%2C200","width":350,"height":200},"classes":[]},{"id":59,"url":"https:\/\/www.msg-bussard.de\/?page_id=59","url_meta":{"origin":138,"position":1},"title":"Impressum","author":"Andre Schmitz","date":"2. April 2017","format":false,"excerpt":"Modellflug-Sport-Gemeinschaft-Bussard e. V. Teichaue 40 21365 Adendorf Mitglied 04\/062 im Deutschen Modellflieger Verband e.V. Telefon: 0175 4586363 E-Mail: info[ADD]msg-bussard.de Internet: www.msg-bussard.de Vertretungsberechtigter Vorstand: Timo Meyer (Vorsitzender), (Anschrift wie oben), Registergericht: Amtsgericht L\u00fcneburg Registernummer: 20VR 801 Inhaltlich Verantwortlicher gem\u00e4\u00df \u00a7 55 Abs. 2 RStV: Timo Meyer (Anschrift wie oben) Haftungshinweis: Trotz\u2026","rel":"","context":"\u00c4hnlicher Beitrag","block_context":{"text":"\u00c4hnlicher Beitrag","link":""},"img":{"alt_text":"","src":"https:\/\/i0.wp.com\/www.msg-bussard.de\/wp-content\/uploads\/2017\/03\/header_5.jpg?fit=950%2C300&ssl=1&resize=350%2C200","width":350,"height":200,"srcset":"https:\/\/i0.wp.com\/www.msg-bussard.de\/wp-content\/uploads\/2017\/03\/header_5.jpg?fit=950%2C300&ssl=1&resize=350%2C200 1x, https:\/\/i0.wp.com\/www.msg-bussard.de\/wp-content\/uploads\/2017\/03\/header_5.jpg?fit=950%2C300&ssl=1&resize=525%2C300 1.5x, https:\/\/i0.wp.com\/www.msg-bussard.de\/wp-content\/uploads\/2017\/03\/header_5.jpg?fit=950%2C300&ssl=1&resize=700%2C400 2x"},"classes":[]},{"id":140,"url":"https:\/\/www.msg-bussard.de\/?page_id=140","url_meta":{"origin":138,"position":2},"title":"Presseberichte","author":"Andre Schmitz","date":"2. April 2017","format":false,"excerpt":"Zeitungsbericht aus der L\u00fcneburger Landeszeitung vom 23.07.2016 Modellflieger heben ab (\u201eDer Kreisbote\u201c) Zu Besuch auf dem Flugplatz in S\u00fclbeck Jetzt heben sie wieder ab, die Modellflieger in S\u00fclbeck. Die KREISBOTEN haben Peter Kempny \u00a0 \u00a0 \u00a0 \u00a0 \u00a0 \u00a0 (Foto: the) und seine Freunde von der Modellsportgruppe Bussard auf dem\u2026","rel":"","context":"\u00c4hnlicher Beitrag","block_context":{"text":"\u00c4hnlicher Beitrag","link":""},"img":{"alt_text":"IMG_9546","src":"https:\/\/msgbussard.files.wordpress.com\/2017\/03\/img_9546.jpg?w=350&h=200&crop=1","width":350,"height":200},"classes":[]},{"id":69,"url":"https:\/\/www.msg-bussard.de\/?page_id=69","url_meta":{"origin":138,"position":3},"title":"Satzung","author":"Andre Schmitz","date":"2. April 2017","format":false,"excerpt":"der Modellflug-Sport-Gemeinschaft-Bussard e.V. \u00a0 \u00a71 NAME. SITZ. GERICHTSSTAND und GR\u00dcNDUNG Der Verein tr\u00e4gt den Namen \" Modellflug-Sport-Gemeinschaft-Bussard \" mit dem Zusatz \" e.V. \" Der Sitz des Vereins ist Wittorf. Der Gerichtsstand ist L\u00fcneburg. Der Gr\u00fcndungstag ist der 31. Januar 1981 und der Gr\u00fcndungsort Wittorf. \u00a0 \u00a72 ZWECK und ZIEL\u2026","rel":"","context":"\u00c4hnlicher Beitrag","block_context":{"text":"\u00c4hnlicher Beitrag","link":""},"img":{"alt_text":"","src":"","width":0,"height":0},"classes":[]},{"id":88,"url":"https:\/\/www.msg-bussard.de\/?page_id=88","url_meta":{"origin":138,"position":4},"title":"Fotogalerie","author":"Andre Schmitz","date":"28. M\u00e4rz 2017","format":false,"excerpt":"Sylvesterfliegen 2008 Sylvesterfliegen 2009 Sylvesterfliegen 2010 Sommerfliegen 2011 Sylvesterfliegen 2016 Vatertagsfliegen 2017 Videos https:\/\/www.youtube.com\/watch?v=Yetul_3-NnA https:\/\/www.youtube.com\/watch?v=ngGOdDTs35Y&feature=youtu.be https:\/\/www.youtube.com\/watch?v=KKtDcg0cJRE","rel":"","context":"\u00c4hnlicher Beitrag","block_context":{"text":"\u00c4hnlicher Beitrag","link":""},"img":{"alt_text":"","src":"https:\/\/i0.wp.com\/www.msg-bussard.de\/wp-content\/uploads\/2017\/03\/header_3.jpg?fit=950%2C300&ssl=1&resize=350%2C200","width":350,"height":200,"srcset":"https:\/\/i0.wp.com\/www.msg-bussard.de\/wp-content\/uploads\/2017\/03\/header_3.jpg?fit=950%2C300&ssl=1&resize=350%2C200 1x, https:\/\/i0.wp.com\/www.msg-bussard.de\/wp-content\/uploads\/2017\/03\/header_3.jpg?fit=950%2C300&ssl=1&resize=525%2C300 1.5x, https:\/\/i0.wp.com\/www.msg-bussard.de\/wp-content\/uploads\/2017\/03\/header_3.jpg?fit=950%2C300&ssl=1&resize=700%2C400 2x"},"classes":[]},{"id":16,"url":"https:\/\/www.msg-bussard.de\/","url_meta":{"origin":138,"position":5},"title":"Herzlich Willkommen bei der Modellfluggemeinschaft\u2026","author":"Andre Schmitz","date":"27. M\u00e4rz 2017","format":false,"excerpt":"Herzlich Willkommen bei der Modellfluggemeinschaft Bussard e.V. f\u00fcr Elektroflug in S\u00fclbeck, Landkreis L\u00fcneburg! Die MSG wurde in den 70iger Jahren mit Standort in Wittorf (SG Bardowick) gegr\u00fcndet, Ende der 80iger Jahre wurde durch Infrastrukturma\u00dfnahmen (Ausbau der A 39\/B 404) die Aufstiegsgenehmigung f\u00fcr das gepachtete Vereinsgel\u00e4nde widerrufen. Die zugesagte Unterst\u00fctzung f\u00fcr\u2026","rel":"","context":"\u00c4hnlicher Beitrag","block_context":{"text":"\u00c4hnlicher Beitrag","link":""},"img":{"alt_text":"","src":"https:\/\/i0.wp.com\/www.msg-bussard.de\/wp-content\/uploads\/2017\/03\/cropped-cropped-header_1.jpg?fit=1200%2C378&ssl=1&resize=350%2C200","width":350,"height":200,"srcset":"https:\/\/i0.wp.com\/www.msg-bussard.de\/wp-content\/uploads\/2017\/03\/cropped-cropped-header_1.jpg?fit=1200%2C378&ssl=1&resize=350%2C200 1x, https:\/\/i0.wp.com\/www.msg-bussard.de\/wp-content\/uploads\/2017\/03\/cropped-cropped-header_1.jpg?fit=1200%2C378&ssl=1&resize=525%2C300 1.5x, https:\/\/i0.wp.com\/www.msg-bussard.de\/wp-content\/uploads\/2017\/03\/cropped-cropped-header_1.jpg?fit=1200%2C378&ssl=1&resize=700%2C400 2x, https:\/\/i0.wp.com\/www.msg-bussard.de\/wp-content\/uploads\/2017\/03\/cropped-cropped-header_1.jpg?fit=1200%2C378&ssl=1&resize=1050%2C600 3x"},"classes":[]}],"_links":{"self":[{"href":"https:\/\/www.msg-bussard.de\/index.php?rest_route=\/wp\/v2\/pages\/138","targetHints":{"allow":["GET"]}}],"collection":[{"href":"https:\/\/www.msg-bussard.de\/index.php?rest_route=\/wp\/v2\/pages"}],"about":[{"href":"https:\/\/www.msg-bussard.de\/index.php?rest_route=\/wp\/v2\/types\/page"}],"author":[{"embeddable":true,"href":"https:\/\/www.msg-bussard.de\/index.php?rest_route=\/wp\/v2\/users\/1"}],"replies":[{"embeddable":true,"href":"https:\/\/www.msg-bussard.de\/index.php?rest_route=%2Fwp%2Fv2%2Fcomments&post=138"}],"version-history":[{"count":12,"href":"https:\/\/www.msg-bussard.de\/index.php?rest_route=\/wp\/v2\/pages\/138\/revisions"}],"predecessor-version":[{"id":1424,"href":"https:\/\/www.msg-bussard.de\/index.php?rest_route=\/wp\/v2\/pages\/138\/revisions\/1424"}],"up":[{"embeddable":true,"href":"https:\/\/www.msg-bussard.de\/index.php?rest_route=\/wp\/v2\/pages\/96"}],"wp:featuredmedia":[{"embeddable":true,"href":"https:\/\/www.msg-bussard.de\/index.php?rest_route=\/wp\/v2\/media\/50"}],"wp:attachment":[{"href":"https:\/\/www.msg-bussard.de\/index.php?rest_route=%2Fwp%2Fv2%2Fmedia&parent=138"}],"curies":[{"name":"wp","href":"https:\/\/api.w.org\/{rel}","templated":true}]}}