{"id":140,"date":"2017-04-02T12:26:44","date_gmt":"2017-04-02T10:26:44","guid":{"rendered":"http:\/\/www.msg-bussard.de\/?page_id=140"},"modified":"2018-01-13T17:01:12","modified_gmt":"2018-01-13T16:01:12","slug":"presseberichte","status":"publish","type":"page","link":"https:\/\/www.msg-bussard.de\/?page_id=140","title":{"rendered":"Presseberichte"},"content":{"rendered":"<div class=\"entry-content\">\n<div id=\"c12\" class=\"csc-default\">\n<div class=\"art-postmetadataheader\">\n<h3><\/h3>\n<h3><a href=\"http:\/\/www.msg-bussard.de\/wp-content\/uploads\/2018\/01\/Zeitungartikel-2016-MSG-Bussard.pdf\">Zeitungsbericht aus der L\u00fcneburger Landeszeitung vom 23.07.2016<\/a><\/h3>\n<h3><\/h3>\n<h3 class=\"art-postheader\">Modellflieger heben ab (\u201eDer Kreisbote\u201c)<\/h3>\n<\/div>\n<div class=\"csc-textpic csc-textpic-intext-right\">\n<div class=\"csc-textpic-text\">\n<h2><span style=\"color: #0000ff;\">Zu Besuch auf dem Flugplatz in S\u00fclbeck<\/span><\/h2>\n<p>Jetzt heben sie wieder ab, die Modellflieger in S\u00fclbeck. Die KREISBOTEN haben Peter Kempny<\/p>\n<p><img data-recalc-dims=\"1\" loading=\"lazy\" decoding=\"async\" class=\"size-medium wp-image-310 alignleft\" src=\"https:\/\/msgbussard.files.wordpress.com\/2017\/03\/img_9546.jpg?w=300&#038;h=300&#038;fit=300%2C300&#038;resize=300%2C300\" sizes=\"auto, (max-width: 300px) 100vw, 300px\" srcset=\"https:\/\/msgbussard.files.wordpress.com\/2017\/03\/img_9546.jpg?w=300&amp;h=300 300w, https:\/\/msgbussard.files.wordpress.com\/2017\/03\/img_9546.jpg?w=600&amp;h=600 600w, https:\/\/msgbussard.files.wordpress.com\/2017\/03\/img_9546.jpg?w=150&amp;h=150 150w\" alt=\"IMG_9546\" width=\"300\" height=\"300\" data-attachment-id=\"310\" data-permalink=\"https:\/\/msgbussard.wordpress.com\/img_9546\/\" data-orig-file=\"https:\/\/msgbussard.files.wordpress.com\/2017\/03\/img_9546.jpg\" data-orig-size=\"640,640\" data-comments-opened=\"1\" data-image-meta=\"{&quot;aperture&quot;:&quot;0&quot;,&quot;credit&quot;:&quot;&quot;,&quot;camera&quot;:&quot;&quot;,&quot;caption&quot;:&quot;&quot;,&quot;created_timestamp&quot;:&quot;0&quot;,&quot;copyright&quot;:&quot;&quot;,&quot;focal_length&quot;:&quot;0&quot;,&quot;iso&quot;:&quot;0&quot;,&quot;shutter_speed&quot;:&quot;0&quot;,&quot;title&quot;:&quot;&quot;,&quot;orientation&quot;:&quot;1&quot;}\" data-image-title=\"IMG_9546\" data-image-description=\"\" data-medium-file=\"https:\/\/msgbussard.files.wordpress.com\/2017\/03\/img_9546.jpg?w=300&amp;h=300\" data-large-file=\"https:\/\/msgbussard.files.wordpress.com\/2017\/03\/img_9546.jpg?w=640\" \/><\/p>\n<p>&nbsp;<\/p>\n<p>&nbsp;<\/p>\n<p>&nbsp;<\/p>\n<p>&nbsp;<\/p>\n<p>&nbsp;<\/p>\n<p>&nbsp;<\/p>\n<p>(Foto: the)<\/p>\n<p>und seine Freunde von der Modellsportgruppe Bussard auf dem \u201eFlugplatz\u201c bei S\u00fclbeck besucht.<\/p>\n<\/div>\n<\/div>\n<\/div>\n<div id=\"c14\" class=\"csc-default\"><\/div>\n<div id=\"c15\" class=\"csc-default\">\n<div class=\"art-postmetadataheader\">\n<h3 class=\"art-postheader\">Modellflieger starten in S\u00fclbeck<\/h3>\n<\/div>\n<h2><span style=\"color: #0000ff;\">Modellsportgruppe Bussard ist stolz auf ihr eigenes Flugfeld<\/span><\/h2>\n<p><span class=\"name-of-person\">Von Thomas Erler<\/span><\/p>\n<p><img data-recalc-dims=\"1\" loading=\"lazy\" decoding=\"async\" class=\"alignnone size-medium wp-image-313\" src=\"https:\/\/msgbussard.files.wordpress.com\/2017\/03\/modele1.jpg?w=300&#038;h=182&#038;fit=300%2C182&#038;resize=300%2C182\" sizes=\"auto, (max-width: 300px) 100vw, 300px\" srcset=\"https:\/\/msgbussard.files.wordpress.com\/2017\/03\/modele1.jpg?w=300&amp;h=182 300w, https:\/\/msgbussard.files.wordpress.com\/2017\/03\/modele1.jpg?w=150&amp;h=91 150w, https:\/\/msgbussard.files.wordpress.com\/2017\/03\/modele1.jpg 456w\" alt=\"modele1\" width=\"300\" height=\"182\" data-attachment-id=\"313\" data-permalink=\"https:\/\/msgbussard.wordpress.com\/modele1\/\" data-orig-file=\"https:\/\/msgbussard.files.wordpress.com\/2017\/03\/modele1.jpg\" data-orig-size=\"456,277\" data-comments-opened=\"1\" data-image-meta=\"{&quot;aperture&quot;:&quot;0&quot;,&quot;credit&quot;:&quot;&quot;,&quot;camera&quot;:&quot;&quot;,&quot;caption&quot;:&quot;&quot;,&quot;created_timestamp&quot;:&quot;0&quot;,&quot;copyright&quot;:&quot;&quot;,&quot;focal_length&quot;:&quot;0&quot;,&quot;iso&quot;:&quot;0&quot;,&quot;shutter_speed&quot;:&quot;0&quot;,&quot;title&quot;:&quot;&quot;,&quot;orientation&quot;:&quot;0&quot;}\" data-image-title=\"modele1\" data-image-description=\"\" data-medium-file=\"https:\/\/msgbussard.files.wordpress.com\/2017\/03\/modele1.jpg?w=300&amp;h=182\" data-large-file=\"https:\/\/msgbussard.files.wordpress.com\/2017\/03\/modele1.jpg?w=456\" \/><\/p>\n<p>\u00dcber den Wolken muss die Freiheit wohl grenzenlos sein, hei\u00dft es in einem bekannten Lied. Die Piloten der S\u00fclbecker Modellsportgruppe Bussard erf\u00fcllen sich den Traum vom Fliegen vom sicheren Boden aus.<\/p>\n<\/div>\n<div id=\"c13\" class=\"csc-default\">\n<div class=\"csc-textpic csc-textpic-intext-right\">\n<div class=\"csc-textpic-imagewrap\">\n<dl class=\"csc-textpic-image csc-textpic-firstcol csc-textpic-lastcol\">\n<dt class=\"csc-textpic-caption\">Peter Kempny ist Vorsitzender der Modellsportgruppe Bussard.<\/dt>\n<dt class=\"csc-textpic-caption\"><\/dt>\n<\/dl>\n<\/div>\n<div class=\"csc-textpic-imagewrap\">\n<dl class=\"csc-textpic-image csc-textpic-firstcol csc-textpic-lastcol\">\n<dd class=\"csc-textpic-caption\"><img data-recalc-dims=\"1\" loading=\"lazy\" decoding=\"async\" class=\"alignleft size-medium wp-image-320\" src=\"https:\/\/msgbussard.files.wordpress.com\/2017\/03\/img_95501.jpg?w=300&#038;h=200&#038;fit=300%2C200&#038;resize=300%2C200\" sizes=\"auto, (max-width: 300px) 100vw, 300px\" srcset=\"https:\/\/msgbussard.files.wordpress.com\/2017\/03\/img_95501.jpg?w=300&amp;h=200 300w, https:\/\/msgbussard.files.wordpress.com\/2017\/03\/img_95501.jpg?w=600&amp;h=400 600w, https:\/\/msgbussard.files.wordpress.com\/2017\/03\/img_95501.jpg?w=150&amp;h=100 150w\" alt=\"IMG_9550\" width=\"300\" height=\"200\" data-attachment-id=\"320\" data-permalink=\"https:\/\/msgbussard.wordpress.com\/presse\/img_9550\/\" data-orig-file=\"https:\/\/msgbussard.files.wordpress.com\/2017\/03\/img_95501.jpg\" data-orig-size=\"3110,2073\" data-comments-opened=\"1\" data-image-meta=\"{&quot;aperture&quot;:&quot;6.3&quot;,&quot;credit&quot;:&quot;&quot;,&quot;camera&quot;:&quot;Canon EOS-1D Mark III&quot;,&quot;caption&quot;:&quot;&quot;,&quot;created_timestamp&quot;:&quot;1311163932&quot;,&quot;copyright&quot;:&quot;&quot;,&quot;focal_length&quot;:&quot;24&quot;,&quot;iso&quot;:&quot;400&quot;,&quot;shutter_speed&quot;:&quot;0.000625&quot;,&quot;title&quot;:&quot;&quot;,&quot;orientation&quot;:&quot;1&quot;}\" data-image-title=\"IMG_9550\" data-image-description=\"\" data-medium-file=\"https:\/\/msgbussard.files.wordpress.com\/2017\/03\/img_95501.jpg?w=300&amp;h=200\" data-large-file=\"https:\/\/msgbussard.files.wordpress.com\/2017\/03\/img_95501.jpg?w=748\" \/><\/dd>\n<dd class=\"csc-textpic-caption\"><\/dd>\n<dd class=\"csc-textpic-caption\"><\/dd>\n<\/dl>\n<p><img data-recalc-dims=\"1\" loading=\"lazy\" decoding=\"async\" data-attachment-id=\"316\" data-permalink=\"https:\/\/www.msg-bussard.de\/?attachment_id=316\" data-orig-file=\"https:\/\/i0.wp.com\/www.msg-bussard.de\/wp-content\/uploads\/2017\/04\/KDS-Model.jpg?fit=2016%2C1512&amp;ssl=1\" data-orig-size=\"2016,1512\" data-comments-opened=\"1\" data-image-meta=\"{&quot;aperture&quot;:&quot;0&quot;,&quot;credit&quot;:&quot;&quot;,&quot;camera&quot;:&quot;&quot;,&quot;caption&quot;:&quot;&quot;,&quot;created_timestamp&quot;:&quot;0&quot;,&quot;copyright&quot;:&quot;&quot;,&quot;focal_length&quot;:&quot;0&quot;,&quot;iso&quot;:&quot;0&quot;,&quot;shutter_speed&quot;:&quot;0&quot;,&quot;title&quot;:&quot;&quot;,&quot;orientation&quot;:&quot;0&quot;}\" data-image-title=\"KDS-Model\" data-image-description=\"\" data-image-caption=\"\" data-large-file=\"https:\/\/i0.wp.com\/www.msg-bussard.de\/wp-content\/uploads\/2017\/04\/KDS-Model.jpg?fit=650%2C488&amp;ssl=1\" class=\"size-medium wp-image-316 alignnone\" src=\"https:\/\/msgbussard.files.wordpress.com\/2017\/03\/augusta-1.jpg?w=300&#038;h=230&#038;fit=300%2C230&#038;resize=300%2C230\" sizes=\"auto, (max-width: 300px) 100vw, 300px\" srcset=\"https:\/\/msgbussard.files.wordpress.com\/2017\/03\/augusta-1.jpg?w=300&amp;h=230 300w, https:\/\/msgbussard.files.wordpress.com\/2017\/03\/augusta-1.jpg?w=600&amp;h=460 600w, https:\/\/msgbussard.files.wordpress.com\/2017\/03\/augusta-1.jpg?w=150&amp;h=115 150w\" alt=\"Augusta 1\" width=\"300\" height=\"230\" data-attachment-id=\"316\" data-permalink=\"https:\/\/msgbussard.wordpress.com\/augusta-1\/\" data-orig-file=\"https:\/\/msgbussard.files.wordpress.com\/2017\/03\/augusta-1.jpg\" data-orig-size=\"4429,3389\" data-comments-opened=\"1\" data-image-meta=\"{&quot;aperture&quot;:&quot;0&quot;,&quot;credit&quot;:&quot;&quot;,&quot;camera&quot;:&quot;&quot;,&quot;caption&quot;:&quot;&quot;,&quot;created_timestamp&quot;:&quot;0&quot;,&quot;copyright&quot;:&quot;&quot;,&quot;focal_length&quot;:&quot;0&quot;,&quot;iso&quot;:&quot;0&quot;,&quot;shutter_speed&quot;:&quot;0&quot;,&quot;title&quot;:&quot;&quot;,&quot;orientation&quot;:&quot;0&quot;}\" data-image-title=\"Augusta 1\" data-image-description=\"\" data-medium-file=\"https:\/\/msgbussard.files.wordpress.com\/2017\/03\/augusta-1.jpg?w=300&amp;h=230\" data-large-file=\"https:\/\/msgbussard.files.wordpress.com\/2017\/03\/augusta-1.jpg?w=748\" \/><\/p>\n<\/div>\n<\/div>\n<div class=\"csc-textpic csc-textpic-intext-right\">\n<div class=\"csc-textpic-imagewrap\">\n<p>(Foto: the)<\/p>\n<p>Er selbst nennt einen Hochleistungssegler und einen Modellhubschrauber Augusta A sein Eigen.<\/p>\n<p><b>S\u00fclbeck.<\/b> Ein 200 mal 75 Meter gro\u00dfes St\u00fcck Rasen ist der ganze Stolz der Modellsportgruppe (MSG) Bussard. Lange Zeit suchten die Modellflieger ein neues Zuhause, der Verein drohte auseinander zu fallen. Doch nach langen Verhandlungen mit den zust\u00e4ndigen Beh\u00f6rden und einigen Auflagen betreiben die Mitglieder seit 2007 ihren eigenen Flughafen in S\u00fclbeck.<\/p>\n<\/div>\n<div class=\"csc-textpic-text\">\n<p>\u201eWir haben viel Geld und Nerven investiert, bis wir endlich starten durften\u201c, so der Vorsitzende Dr. Peter Kempny, \u201eaber es hat sich gelohnt\u201c. Als Auflagen musste der Verein B\u00e4ume pflanzen. So ist der Parkplatz bald von einer Streuobstwiese umschlossen. Eine weitere Auflage ist, dass nur noch mit Elekromotoren aufgrund der geringeren L\u00e4rmbel\u00e4stigung geflogen werden darf. \u201eViele Mitglieder mussten sich umstellen, aber mittlerweile sind die Akkus so gut, das es genauso viel Spa\u00df macht\u201c, sagt Kempny.<\/p>\n<p>Da sich die Strukturen im Verein gefestigt haben, denken die Mitglieder wieder an einen \u00f6ffentlichen Flugtag.<\/p>\n<p>\u201eAber soweit sind wir dann doch noch nicht. Aber jeder Interessierte ist herzlich zum schnuppern willkommen\u201c, so der Vorsitzende.<\/p>\n<p>\u201eEs w\u00e4re sch\u00f6n, wenn wir mehr Nachwuchs im Verein h\u00e4tten und gleichzeitig die Aufgaben auf mehr Schultern verteilen k\u00f6nnten\u201c. Gastflieger sind auch jederzeit willkommen.<\/p>\n<p>Und dass die MSG etwas kann, steht au\u00dfer Frage. In ihren Reihen ist immerhin der deutsche Meister im Hubschrauberfliegen aus dem Jahr 2005. Flugf\u00e4hige Modelle gibt es schon f\u00fcr unter 200 Euro inklusive Fernsteuerung. der Vereinsbeitrag bel\u00e4uft sich auf 120 Euro f\u00fcr Erwachsene und 60 Euro f\u00fcr Jugendliche im Jahr. Eine Aufnahmegeb\u00fchr wird nicht f\u00e4llig.<\/p>\n<\/div>\n<\/div>\n<\/div>\n<\/div>\n","protected":false},"excerpt":{"rendered":"<p>Zeitungsbericht aus der L\u00fcneburger Landeszeitung vom 23.07.2016 Modellflieger heben ab (\u201eDer Kreisbote\u201c) Zu Besuch auf dem Flugplatz in S\u00fclbeck Jetzt heben sie wieder ab, die Modellflieger in S\u00fclbeck. Die KREISBOTEN haben Peter Kempny &nbsp; &nbsp; &nbsp; &nbsp; &nbsp; &nbsp; (Foto: the) und seine Freunde von der Modellsportgruppe Bussard auf dem \u201eFlugplatz\u201c bei S\u00fclbeck besucht. Modellflieger &#8230;<\/p>\n","protected":false},"author":1,"featured_media":0,"parent":0,"menu_order":0,"comment_status":"closed","ping_status":"closed","template":"template-full-width.php","meta":{"jetpack_post_was_ever_published":false,"footnotes":""},"class_list":["post-140","page","type-page","status-publish","hentry"],"jetpack_sharing_enabled":true,"jetpack_shortlink":"https:\/\/wp.me\/P8AbUy-2g","jetpack-related-posts":[{"id":59,"url":"https:\/\/www.msg-bussard.de\/?page_id=59","url_meta":{"origin":140,"position":0},"title":"Impressum","author":"Andre Schmitz","date":"2. April 2017","format":false,"excerpt":"Modellflug-Sport-Gemeinschaft-Bussard e. V. Teichaue 40 21365 Adendorf Mitglied 04\/062 im Deutschen Modellflieger Verband e.V. Telefon: 0175 4586363 E-Mail: info[ADD]msg-bussard.de Internet: www.msg-bussard.de Vertretungsberechtigter Vorstand: Timo Meyer (Vorsitzender), (Anschrift wie oben), Registergericht: Amtsgericht L\u00fcneburg Registernummer: 20VR 801 Inhaltlich Verantwortlicher gem\u00e4\u00df \u00a7 55 Abs. 2 RStV: Timo Meyer (Anschrift wie oben) Haftungshinweis: Trotz\u2026","rel":"","context":"\u00c4hnlicher Beitrag","block_context":{"text":"\u00c4hnlicher Beitrag","link":""},"img":{"alt_text":"","src":"https:\/\/i0.wp.com\/www.msg-bussard.de\/wp-content\/uploads\/2017\/03\/header_5.jpg?fit=950%2C300&ssl=1&resize=350%2C200","width":350,"height":200,"srcset":"https:\/\/i0.wp.com\/www.msg-bussard.de\/wp-content\/uploads\/2017\/03\/header_5.jpg?fit=950%2C300&ssl=1&resize=350%2C200 1x, https:\/\/i0.wp.com\/www.msg-bussard.de\/wp-content\/uploads\/2017\/03\/header_5.jpg?fit=950%2C300&ssl=1&resize=525%2C300 1.5x, https:\/\/i0.wp.com\/www.msg-bussard.de\/wp-content\/uploads\/2017\/03\/header_5.jpg?fit=950%2C300&ssl=1&resize=700%2C400 2x"},"classes":[]},{"id":16,"url":"https:\/\/www.msg-bussard.de\/","url_meta":{"origin":140,"position":1},"title":"Herzlich Willkommen bei der Modellfluggemeinschaft\u2026","author":"Andre Schmitz","date":"27. M\u00e4rz 2017","format":false,"excerpt":"Herzlich Willkommen bei der Modellfluggemeinschaft Bussard e.V. f\u00fcr Elektroflug in S\u00fclbeck, Landkreis L\u00fcneburg! Die MSG wurde in den 70iger Jahren mit Standort in Wittorf (SG Bardowick) gegr\u00fcndet, Ende der 80iger Jahre wurde durch Infrastrukturma\u00dfnahmen (Ausbau der A 39\/B 404) die Aufstiegsgenehmigung f\u00fcr das gepachtete Vereinsgel\u00e4nde widerrufen. Die zugesagte Unterst\u00fctzung f\u00fcr\u2026","rel":"","context":"\u00c4hnlicher Beitrag","block_context":{"text":"\u00c4hnlicher Beitrag","link":""},"img":{"alt_text":"","src":"https:\/\/i0.wp.com\/www.msg-bussard.de\/wp-content\/uploads\/2017\/03\/cropped-cropped-header_1.jpg?fit=1200%2C378&ssl=1&resize=350%2C200","width":350,"height":200,"srcset":"https:\/\/i0.wp.com\/www.msg-bussard.de\/wp-content\/uploads\/2017\/03\/cropped-cropped-header_1.jpg?fit=1200%2C378&ssl=1&resize=350%2C200 1x, https:\/\/i0.wp.com\/www.msg-bussard.de\/wp-content\/uploads\/2017\/03\/cropped-cropped-header_1.jpg?fit=1200%2C378&ssl=1&resize=525%2C300 1.5x, https:\/\/i0.wp.com\/www.msg-bussard.de\/wp-content\/uploads\/2017\/03\/cropped-cropped-header_1.jpg?fit=1200%2C378&ssl=1&resize=700%2C400 2x, https:\/\/i0.wp.com\/www.msg-bussard.de\/wp-content\/uploads\/2017\/03\/cropped-cropped-header_1.jpg?fit=1200%2C378&ssl=1&resize=1050%2C600 3x"},"classes":[]},{"id":308,"url":"https:\/\/www.msg-bussard.de\/?page_id=308","url_meta":{"origin":140,"position":2},"title":"Downloads","author":"Andre Schmitz","date":"10. April 2017","format":false,"excerpt":"PDF-Dateien zum downloaden ... DMFV Aktualisierung - Neue Luftverkehrs-Ordnung vom 7.04.2017 SATZUNG des MSG-Bussard e. V. - Stand: 3.03.2017 Flugbetriebsordnung_des MSG-Bussard e. V. - Stand: 21.03.2014 Kurzfassung der Flugbetriebsordnung des MSG-Bussard e. V. - Stand: 21.03.2014 .Aufnahmeantrag f\u00fcr die Mitgliedschaft im MSG Bussard e. V. ab 08.03.2024 Datenschutzrichtlinie der Modellsportgemeinschaft\u2026","rel":"","context":"\u00c4hnlicher Beitrag","block_context":{"text":"\u00c4hnlicher Beitrag","link":""},"img":{"alt_text":"","src":"https:\/\/i0.wp.com\/www.msg-bussard.de\/wp-content\/uploads\/2017\/04\/logo.png?resize=350%2C200","width":350,"height":200},"classes":[]},{"id":103,"url":"https:\/\/www.msg-bussard.de\/?page_id=103","url_meta":{"origin":140,"position":3},"title":"Flugbetriebsordnung","author":"Andre Schmitz","date":"2. April 2017","format":false,"excerpt":"(Kurzfassung) \u00a7 1 1. Mit Betreten des Modellflugplatzes erkennt jeder die Flugbetriebsordnung an. Es gilt \u00a71 der LuftVO. 2. Teilnehmer am Modellflugbetrieb haben sich so zu verhalten, dass die allgemeine Sicherheit und Ordnung sowie der Flugbetrieb weder gef\u00e4hrdet noch eingeschr\u00e4nkt wird. \u00a7 2 Bei einem Modellflugbetrieb in der Luft und\/oder\u2026","rel":"","context":"\u00c4hnlicher Beitrag","block_context":{"text":"\u00c4hnlicher Beitrag","link":""},"img":{"alt_text":"","src":"","width":0,"height":0},"classes":[]},{"id":69,"url":"https:\/\/www.msg-bussard.de\/?page_id=69","url_meta":{"origin":140,"position":4},"title":"Satzung","author":"Andre Schmitz","date":"2. April 2017","format":false,"excerpt":"der Modellflug-Sport-Gemeinschaft-Bussard e.V. \u00a0 \u00a71 NAME. SITZ. GERICHTSSTAND und GR\u00dcNDUNG Der Verein tr\u00e4gt den Namen \" Modellflug-Sport-Gemeinschaft-Bussard \" mit dem Zusatz \" e.V. \" Der Sitz des Vereins ist Wittorf. Der Gerichtsstand ist L\u00fcneburg. Der Gr\u00fcndungstag ist der 31. Januar 1981 und der Gr\u00fcndungsort Wittorf. \u00a0 \u00a72 ZWECK und ZIEL\u2026","rel":"","context":"\u00c4hnlicher Beitrag","block_context":{"text":"\u00c4hnlicher Beitrag","link":""},"img":{"alt_text":"","src":"","width":0,"height":0},"classes":[]},{"id":287,"url":"https:\/\/www.msg-bussard.de\/?page_id=287","url_meta":{"origin":140,"position":5},"title":"Wie ich zum RC-Sport kam &#8230; ein Selbstportrait","author":"Andre Schmitz","date":"10. April 2017","format":false,"excerpt":"April, 2017 Vor guten 4 Jahren packte mich das RC-Virus. Ein Freund dr\u00fcckte mir einen kl. Heli in die Hand, und damit fing es an. Nachdem ich diesen zum Leidwesen des Freundes sofort an die Zimmerdecke geflogen hatte, kaufte ich Ersatz und einen eigenen Heli f\u00fcr mich. Nachdem ich im\u2026","rel":"","context":"\u00c4hnlicher Beitrag","block_context":{"text":"\u00c4hnlicher Beitrag","link":""},"img":{"alt_text":"","src":"https:\/\/i0.wp.com\/www.msg-bussard.de\/wp-content\/uploads\/2017\/04\/KDS-Model-300x225.jpg?resize=350%2C200","width":350,"height":200},"classes":[]}],"_links":{"self":[{"href":"https:\/\/www.msg-bussard.de\/index.php?rest_route=\/wp\/v2\/pages\/140","targetHints":{"allow":["GET"]}}],"collection":[{"href":"https:\/\/www.msg-bussard.de\/index.php?rest_route=\/wp\/v2\/pages"}],"about":[{"href":"https:\/\/www.msg-bussard.de\/index.php?rest_route=\/wp\/v2\/types\/page"}],"author":[{"embeddable":true,"href":"https:\/\/www.msg-bussard.de\/index.php?rest_route=\/wp\/v2\/users\/1"}],"replies":[{"embeddable":true,"href":"https:\/\/www.msg-bussard.de\/index.php?rest_route=%2Fwp%2Fv2%2Fcomments&post=140"}],"version-history":[{"count":8,"href":"https:\/\/www.msg-bussard.de\/index.php?rest_route=\/wp\/v2\/pages\/140\/revisions"}],"predecessor-version":[{"id":462,"href":"https:\/\/www.msg-bussard.de\/index.php?rest_route=\/wp\/v2\/pages\/140\/revisions\/462"}],"wp:attachment":[{"href":"https:\/\/www.msg-bussard.de\/index.php?rest_route=%2Fwp%2Fv2%2Fmedia&parent=140"}],"curies":[{"name":"wp","href":"https:\/\/api.w.org\/{rel}","templated":true}]}}