{"id":16,"date":"2017-03-27T19:45:51","date_gmt":"2017-03-27T17:45:51","guid":{"rendered":"http:\/\/www.msg-bussard.de\/?page_id=16"},"modified":"2026-01-25T15:13:25","modified_gmt":"2026-01-25T14:13:25","slug":"startseite","status":"publish","type":"page","link":"https:\/\/www.msg-bussard.de\/","title":{"rendered":""},"content":{"rendered":"<h3>Herzlich Willkommen bei der Modellfluggemeinschaft Bussard e.V. f\u00fcr Elektroflug in S\u00fclbeck, Landkreis L\u00fcneburg!<\/h3>\n<p style=\"text-align: left;\">Die MSG wurde in den 70iger Jahren mit Standort in Wittorf (SG Bardowick) gegr\u00fcndet,<br \/>\nEnde der 80iger Jahre wurde durch Infrastrukturma\u00dfnahmen (Ausbau der A 39\/B 404) die<br \/>\nAufstiegsgenehmigung f\u00fcr das gepachtete Vereinsgel\u00e4nde widerrufen.<br \/>\nDie zugesagte Unterst\u00fctzung f\u00fcr neues Modellfluggel\u00e4nde Seitens der Beh\u00f6rden lief ins Leere! Seit 2007 endlich Licht am Horizont, ein neues Fluggel\u00e4nde in S\u00fclbeck stand wieder zur Verf\u00fcgung.<br \/>\nSeitdem ist unser Verein wieder auf derzeit 40 Mitglieder angewachsen.<br \/>\nWir sind dem DMFV (Deutscher Modellflieger Verband e.V.) angeschlossen und haben eine Aufstiegsgenehmigung in einem 300 Meter Radius und maximaler H\u00f6he von 760 Meter.<br \/>\nDas Modellfluggel\u00e4nde verf\u00fcgt \u00fcber eine gro\u00dfe Ost-West Start- und Landebahn und eine etwas k\u00fcrzere Nord-S\u00fcd Bahn sodass fast immer optimale Bedingungen gegeben sind.<br \/>\nSpa\u00df am Modellflug steht bei uns im Vordergrund, wichtig ist ein tolerantes Miteinander.<br \/>\nSollten wir dein Interesse geweckt haben, kannst du uns gerne auf unserem Vereinsgel\u00e4nde besuchen. Die Vereinsmitgliedschaft kostet derzeit f\u00fcr Erwachsene 150,00 \u20ac im Jahr. Die Aufnahmegeb\u00fchr in den HMC betr\u00e4gt 60\u20ac.<br \/>\nEine Haftpflichtversicherung kann individuell gew\u00e4hlt werden, ist jedoch Pflicht. Wir beraten dich dazu gerne. Ein Kenntnisnachweis kann online \u00fcber den DMFV kostenlos erworben werden und ist ebenfalls Pflicht.<\/p>\n<p style=\"text-align: left;\">Wir bieten f\u00fcr Erwachsene und die Jugendf\u00f6rderung kostenlos w\u00e4hrend des Flugbetriebes ein Lehrer\/Sch\u00fcler-Fliegen an.<\/p>\n<p>Ansprechpartner\/Vorstand:<br \/>\nTimo Meyer 1. Vorsitzender<br \/>\nRainer B\u00f6ttcher 2. Vorsitzender<br \/>\nAndre Schmitz Kassenwart<br \/>\nArmin Werner Schriftf\u00fchrer<\/p>\n<p>&nbsp;<\/p>\n<p><a href=\"http:\/\/www.copter.aero\" target=\"_blank\" rel=\"DMFV noopener noreferrer\"><img data-recalc-dims=\"1\" loading=\"lazy\" decoding=\"async\" data-attachment-id=\"396\" data-permalink=\"https:\/\/www.msg-bussard.de\/?attachment_id=396\" data-orig-file=\"https:\/\/i0.wp.com\/www.msg-bussard.de\/wp-content\/uploads\/2017\/06\/BannerCOPTER_3-e1498406436949.jpg?fit=1000%2C242&amp;ssl=1\" data-orig-size=\"1000,242\" data-comments-opened=\"1\" data-image-meta=\"{&quot;aperture&quot;:&quot;0&quot;,&quot;credit&quot;:&quot;&quot;,&quot;camera&quot;:&quot;&quot;,&quot;caption&quot;:&quot;&quot;,&quot;created_timestamp&quot;:&quot;0&quot;,&quot;copyright&quot;:&quot;&quot;,&quot;focal_length&quot;:&quot;0&quot;,&quot;iso&quot;:&quot;0&quot;,&quot;shutter_speed&quot;:&quot;0&quot;,&quot;title&quot;:&quot;&quot;,&quot;orientation&quot;:&quot;0&quot;}\" data-image-title=\"BannerCOPTER_3\" data-image-description=\"\" data-image-caption=\"\" data-large-file=\"https:\/\/i0.wp.com\/www.msg-bussard.de\/wp-content\/uploads\/2017\/06\/BannerCOPTER_3-e1498406436949.jpg?fit=650%2C157&amp;ssl=1\" class=\"aligncenter wp-image-396 size-full\" src=\"https:\/\/i0.wp.com\/www.msg-bussard.de\/wp-content\/uploads\/2017\/06\/BannerCOPTER_3-e1498406436949.jpg?resize=650%2C157\" alt=\"\" width=\"650\" height=\"157\" \/><\/a><\/p>\n<p><a href=\"https:\/\/www.google.de\/maps\/place\/S%C3%BClbeck,+21400+Reinstorf\/@53.2612468,10.5541775,374m\/data=!3m1!1e3!4m5!3m4!1s0x47ae20016dfe92db:0xa263df5063e79f0!8m2!3d53.2654205!4d10.5634904?hl=de\">Hier geht es zu unserem Flugplatz &#8230;<\/a><\/p>\n","protected":false},"excerpt":{"rendered":"<p>Herzlich Willkommen bei der Modellfluggemeinschaft Bussard e.V. f\u00fcr Elektroflug in S\u00fclbeck, Landkreis L\u00fcneburg! Die MSG wurde in den 70iger Jahren mit Standort in Wittorf (SG Bardowick) gegr\u00fcndet, Ende der 80iger Jahre wurde durch Infrastrukturma\u00dfnahmen (Ausbau der A 39\/B 404) die Aufstiegsgenehmigung f\u00fcr das gepachtete Vereinsgel\u00e4nde widerrufen. Die zugesagte Unterst\u00fctzung f\u00fcr neues Modellfluggel\u00e4nde Seitens der Beh\u00f6rden &#8230;<\/p>\n","protected":false},"author":1,"featured_media":74,"parent":0,"menu_order":0,"comment_status":"closed","ping_status":"closed","template":"","meta":{"jetpack_post_was_ever_published":false,"footnotes":""},"class_list":["post-16","page","type-page","status-publish","has-post-thumbnail","hentry"],"jetpack_sharing_enabled":false,"jetpack_shortlink":"https:\/\/wp.me\/P8AbUy-g","jetpack-related-posts":[{"id":140,"url":"https:\/\/www.msg-bussard.de\/?page_id=140","url_meta":{"origin":16,"position":0},"title":"Presseberichte","author":"Andre Schmitz","date":"2. April 2017","format":false,"excerpt":"Zeitungsbericht aus der L\u00fcneburger Landeszeitung vom 23.07.2016 Modellflieger heben ab (\u201eDer Kreisbote\u201c) Zu Besuch auf dem Flugplatz in S\u00fclbeck Jetzt heben sie wieder ab, die Modellflieger in S\u00fclbeck. Die KREISBOTEN haben Peter Kempny \u00a0 \u00a0 \u00a0 \u00a0 \u00a0 \u00a0 (Foto: the) und seine Freunde von der Modellsportgruppe Bussard auf dem\u2026","rel":"","context":"\u00c4hnlicher Beitrag","block_context":{"text":"\u00c4hnlicher Beitrag","link":""},"img":{"alt_text":"IMG_9546","src":"https:\/\/msgbussard.files.wordpress.com\/2017\/03\/img_9546.jpg?w=350&h=200&crop=1","width":350,"height":200},"classes":[]},{"id":287,"url":"https:\/\/www.msg-bussard.de\/?page_id=287","url_meta":{"origin":16,"position":1},"title":"Wie ich zum RC-Sport kam &#8230; ein Selbstportrait","author":"Andre Schmitz","date":"10. April 2017","format":false,"excerpt":"April, 2017 Vor guten 4 Jahren packte mich das RC-Virus. Ein Freund dr\u00fcckte mir einen kl. Heli in die Hand, und damit fing es an. Nachdem ich diesen zum Leidwesen des Freundes sofort an die Zimmerdecke geflogen hatte, kaufte ich Ersatz und einen eigenen Heli f\u00fcr mich. Nachdem ich im\u2026","rel":"","context":"\u00c4hnlicher Beitrag","block_context":{"text":"\u00c4hnlicher Beitrag","link":""},"img":{"alt_text":"","src":"https:\/\/i0.wp.com\/www.msg-bussard.de\/wp-content\/uploads\/2017\/04\/KDS-Model-300x225.jpg?resize=350%2C200","width":350,"height":200},"classes":[]},{"id":69,"url":"https:\/\/www.msg-bussard.de\/?page_id=69","url_meta":{"origin":16,"position":2},"title":"Satzung","author":"Andre Schmitz","date":"2. April 2017","format":false,"excerpt":"der Modellflug-Sport-Gemeinschaft-Bussard e.V. \u00a0 \u00a71 NAME. SITZ. GERICHTSSTAND und GR\u00dcNDUNG Der Verein tr\u00e4gt den Namen \" Modellflug-Sport-Gemeinschaft-Bussard \" mit dem Zusatz \" e.V. \" Der Sitz des Vereins ist Wittorf. Der Gerichtsstand ist L\u00fcneburg. Der Gr\u00fcndungstag ist der 31. Januar 1981 und der Gr\u00fcndungsort Wittorf. \u00a0 \u00a72 ZWECK und ZIEL\u2026","rel":"","context":"\u00c4hnlicher Beitrag","block_context":{"text":"\u00c4hnlicher Beitrag","link":""},"img":{"alt_text":"","src":"","width":0,"height":0},"classes":[]},{"id":103,"url":"https:\/\/www.msg-bussard.de\/?page_id=103","url_meta":{"origin":16,"position":3},"title":"Flugbetriebsordnung","author":"Andre Schmitz","date":"2. April 2017","format":false,"excerpt":"(Kurzfassung) \u00a7 1 1. Mit Betreten des Modellflugplatzes erkennt jeder die Flugbetriebsordnung an. Es gilt \u00a71 der LuftVO. 2. Teilnehmer am Modellflugbetrieb haben sich so zu verhalten, dass die allgemeine Sicherheit und Ordnung sowie der Flugbetrieb weder gef\u00e4hrdet noch eingeschr\u00e4nkt wird. \u00a7 2 Bei einem Modellflugbetrieb in der Luft und\/oder\u2026","rel":"","context":"\u00c4hnlicher Beitrag","block_context":{"text":"\u00c4hnlicher Beitrag","link":""},"img":{"alt_text":"","src":"","width":0,"height":0},"classes":[]},{"id":59,"url":"https:\/\/www.msg-bussard.de\/?page_id=59","url_meta":{"origin":16,"position":4},"title":"Impressum","author":"Andre Schmitz","date":"2. April 2017","format":false,"excerpt":"Modellflug-Sport-Gemeinschaft-Bussard e. V. Teichaue 40 21365 Adendorf Mitglied 04\/062 im Deutschen Modellflieger Verband e.V. Telefon: 0175 4586363 E-Mail: info[ADD]msg-bussard.de Internet: www.msg-bussard.de Vertretungsberechtigter Vorstand: Timo Meyer (Vorsitzender), (Anschrift wie oben), Registergericht: Amtsgericht L\u00fcneburg Registernummer: 20VR 801 Inhaltlich Verantwortlicher gem\u00e4\u00df \u00a7 55 Abs. 2 RStV: Timo Meyer (Anschrift wie oben) Haftungshinweis: Trotz\u2026","rel":"","context":"\u00c4hnlicher Beitrag","block_context":{"text":"\u00c4hnlicher Beitrag","link":""},"img":{"alt_text":"","src":"https:\/\/i0.wp.com\/www.msg-bussard.de\/wp-content\/uploads\/2017\/03\/header_5.jpg?fit=950%2C300&ssl=1&resize=350%2C200","width":350,"height":200,"srcset":"https:\/\/i0.wp.com\/www.msg-bussard.de\/wp-content\/uploads\/2017\/03\/header_5.jpg?fit=950%2C300&ssl=1&resize=350%2C200 1x, https:\/\/i0.wp.com\/www.msg-bussard.de\/wp-content\/uploads\/2017\/03\/header_5.jpg?fit=950%2C300&ssl=1&resize=525%2C300 1.5x, https:\/\/i0.wp.com\/www.msg-bussard.de\/wp-content\/uploads\/2017\/03\/header_5.jpg?fit=950%2C300&ssl=1&resize=700%2C400 2x"},"classes":[]},{"id":308,"url":"https:\/\/www.msg-bussard.de\/?page_id=308","url_meta":{"origin":16,"position":5},"title":"Downloads","author":"Andre Schmitz","date":"10. April 2017","format":false,"excerpt":"PDF-Dateien zum downloaden ... DMFV Aktualisierung - Neue Luftverkehrs-Ordnung vom 7.04.2017 SATZUNG des MSG-Bussard e. V. - Stand: 3.03.2017 Flugbetriebsordnung_des MSG-Bussard e. V. - Stand: 21.03.2014 Kurzfassung der Flugbetriebsordnung des MSG-Bussard e. V. - Stand: 21.03.2014 .Aufnahmeantrag f\u00fcr die Mitgliedschaft im MSG Bussard e. V. ab 08.03.2024 Datenschutzrichtlinie der Modellsportgemeinschaft\u2026","rel":"","context":"\u00c4hnlicher Beitrag","block_context":{"text":"\u00c4hnlicher Beitrag","link":""},"img":{"alt_text":"","src":"https:\/\/i0.wp.com\/www.msg-bussard.de\/wp-content\/uploads\/2017\/04\/logo.png?resize=350%2C200","width":350,"height":200},"classes":[]}],"_links":{"self":[{"href":"https:\/\/www.msg-bussard.de\/index.php?rest_route=\/wp\/v2\/pages\/16","targetHints":{"allow":["GET"]}}],"collection":[{"href":"https:\/\/www.msg-bussard.de\/index.php?rest_route=\/wp\/v2\/pages"}],"about":[{"href":"https:\/\/www.msg-bussard.de\/index.php?rest_route=\/wp\/v2\/types\/page"}],"author":[{"embeddable":true,"href":"https:\/\/www.msg-bussard.de\/index.php?rest_route=\/wp\/v2\/users\/1"}],"replies":[{"embeddable":true,"href":"https:\/\/www.msg-bussard.de\/index.php?rest_route=%2Fwp%2Fv2%2Fcomments&post=16"}],"version-history":[{"count":31,"href":"https:\/\/www.msg-bussard.de\/index.php?rest_route=\/wp\/v2\/pages\/16\/revisions"}],"predecessor-version":[{"id":2958,"href":"https:\/\/www.msg-bussard.de\/index.php?rest_route=\/wp\/v2\/pages\/16\/revisions\/2958"}],"wp:featuredmedia":[{"embeddable":true,"href":"https:\/\/www.msg-bussard.de\/index.php?rest_route=\/wp\/v2\/media\/74"}],"wp:attachment":[{"href":"https:\/\/www.msg-bussard.de\/index.php?rest_route=%2Fwp%2Fv2%2Fmedia&parent=16"}],"curies":[{"name":"wp","href":"https:\/\/api.w.org\/{rel}","templated":true}]}}