{"id":308,"date":"2017-04-10T16:24:20","date_gmt":"2017-04-10T14:24:20","guid":{"rendered":"http:\/\/www.msg-bussard.de\/?page_id=308"},"modified":"2025-05-12T11:31:13","modified_gmt":"2025-05-12T09:31:13","slug":"test-1","status":"publish","type":"page","link":"https:\/\/www.msg-bussard.de\/?page_id=308","title":{"rendered":"Downloads"},"content":{"rendered":"<p><img data-recalc-dims=\"1\" loading=\"lazy\" decoding=\"async\" data-attachment-id=\"213\" data-permalink=\"https:\/\/www.msg-bussard.de\/?attachment_id=213\" data-orig-file=\"https:\/\/i0.wp.com\/www.msg-bussard.de\/wp-content\/uploads\/2017\/04\/logo.png?fit=200%2C134&amp;ssl=1\" data-orig-size=\"200,134\" data-comments-opened=\"1\" data-image-meta=\"{&quot;aperture&quot;:&quot;0&quot;,&quot;credit&quot;:&quot;&quot;,&quot;camera&quot;:&quot;&quot;,&quot;caption&quot;:&quot;&quot;,&quot;created_timestamp&quot;:&quot;0&quot;,&quot;copyright&quot;:&quot;&quot;,&quot;focal_length&quot;:&quot;0&quot;,&quot;iso&quot;:&quot;0&quot;,&quot;shutter_speed&quot;:&quot;0&quot;,&quot;title&quot;:&quot;&quot;,&quot;orientation&quot;:&quot;0&quot;}\" data-image-title=\"logo\" data-image-description=\"\" data-image-caption=\"\" data-large-file=\"https:\/\/i0.wp.com\/www.msg-bussard.de\/wp-content\/uploads\/2017\/04\/logo.png?fit=200%2C134&amp;ssl=1\" class=\" wp-image-213 alignright\" src=\"https:\/\/i0.wp.com\/www.msg-bussard.de\/wp-content\/uploads\/2017\/04\/logo.png?resize=188%2C126\" alt=\"\" width=\"188\" height=\"126\" \/><\/p>\n<h2>PDF-Dateien zum downloaden &#8230;<\/h2>\n<p><a href=\"http:\/\/www.msg-bussard.de\/wp-content\/uploads\/2017\/04\/DMFV-Aktualisierung-Neue-Luftverkehrs-Ordnung.pdf\">DMFV Aktualisierung &#8211; Neue Luftverkehrs-Ordnung vom 7.04.2017<\/a><\/p>\n<p><a href=\"http:\/\/www.msg-bussard.de\/wp-content\/uploads\/2017\/04\/SATZUNG_2017.pdf\">SATZUNG des MSG-Bussard e. V. &#8211; Stand: 3.03.2017<\/a><\/p>\n<p><a href=\"http:\/\/www.msg-bussard.de\/wp-content\/uploads\/2017\/04\/Flugordnung_2014.pdf\">Flugbetriebsordnung_des MSG-Bussard e. V. &#8211; Stand: 21.03.2014<\/a><\/p>\n<p><a href=\"http:\/\/www.msg-bussard.de\/wp-content\/uploads\/2017\/04\/Flugordnung_kurz_2014.pdf\">Kurzfassung der Flugbetriebsordnung des MSG-Bussard e. V. &#8211; Stand: 21.03.2014<\/a><\/p>\n<p><a href=\"http:\/\/www.msg-bussard.de\/wp-content\/uploads\/2022\/11\/Aufnahmeantrag-MSG-Bussard-ab-11-2022.pdf\">.<\/a><a href=\"http:\/\/www.msg-bussard.de\/wp-content\/uploads\/2025\/05\/Aufnahmeantrag-MSG-Bussard-ab-08.03.2024.pdf\">Aufnahmeantrag f\u00fcr die Mitgliedschaft im MSG Bussard e. V. ab 08.03.2024<\/a><\/p>\n<p><a href=\"http:\/\/www.msg-bussard.de\/wp-content\/uploads\/2018\/06\/Datenschutzrichtlinie-der-Modellsportgemeinschaft-Bussard.pdf\" rel=\"noopener\">Datenschutzrichtlinie der Modellsportgemeinschaft Bussard e. V.<\/a><\/p>\n<p><a href=\"http:\/\/www.msg-bussard.de\/wp-content\/uploads\/2025\/05\/SEPA-Lastschriftmandat-MSG-Bussard-ab-08.03.2024.pdf\">SEPA-Lastschriftmandat MSG Bussard ab 08.03.2024<\/a><\/p>\n","protected":false},"excerpt":{"rendered":"<p>PDF-Dateien zum downloaden &#8230; DMFV Aktualisierung &#8211; Neue Luftverkehrs-Ordnung vom 7.04.2017 SATZUNG des MSG-Bussard e. V. &#8211; Stand: 3.03.2017 Flugbetriebsordnung_des MSG-Bussard e. V. &#8211; Stand: 21.03.2014 Kurzfassung der Flugbetriebsordnung des MSG-Bussard e. V. &#8211; Stand: 21.03.2014 .Aufnahmeantrag f\u00fcr die Mitgliedschaft im MSG Bussard e. V. ab 08.03.2024 Datenschutzrichtlinie der Modellsportgemeinschaft Bussard e. V. SEPA-Lastschriftmandat MSG &#8230;<\/p>\n","protected":false},"author":1,"featured_media":0,"parent":0,"menu_order":0,"comment_status":"closed","ping_status":"closed","template":"","meta":{"jetpack_post_was_ever_published":false,"footnotes":""},"class_list":["post-308","page","type-page","status-publish","hentry"],"jetpack_sharing_enabled":true,"jetpack_shortlink":"https:\/\/wp.me\/P8AbUy-4Y","jetpack-related-posts":[{"id":138,"url":"https:\/\/www.msg-bussard.de\/?page_id=138","url_meta":{"origin":308,"position":0},"title":"Aufnahmeformulare","author":"Andre Schmitz","date":"2. April 2017","format":false,"excerpt":"Aufnahmeantrag SEPA-Lastschriftmandat Datenschutzrichtlinie der Modellsport-Gemeinschaft Bussard e. V.","rel":"","context":"\u00c4hnlicher Beitrag","block_context":{"text":"\u00c4hnlicher Beitrag","link":""},"img":{"alt_text":"","src":"https:\/\/i0.wp.com\/www.msg-bussard.de\/wp-content\/uploads\/2017\/03\/header_4.jpg?fit=950%2C300&ssl=1&resize=350%2C200","width":350,"height":200,"srcset":"https:\/\/i0.wp.com\/www.msg-bussard.de\/wp-content\/uploads\/2017\/03\/header_4.jpg?fit=950%2C300&ssl=1&resize=350%2C200 1x, https:\/\/i0.wp.com\/www.msg-bussard.de\/wp-content\/uploads\/2017\/03\/header_4.jpg?fit=950%2C300&ssl=1&resize=525%2C300 1.5x, https:\/\/i0.wp.com\/www.msg-bussard.de\/wp-content\/uploads\/2017\/03\/header_4.jpg?fit=950%2C300&ssl=1&resize=700%2C400 2x"},"classes":[]},{"id":19,"url":"https:\/\/www.msg-bussard.de\/?page_id=19","url_meta":{"origin":308,"position":1},"title":"Blog","author":"Andre Schmitz","date":"27. M\u00e4rz 2017","format":false,"excerpt":"","rel":"","context":"\u00c4hnlicher Beitrag","block_context":{"text":"\u00c4hnlicher Beitrag","link":""},"img":{"alt_text":"","src":"","width":0,"height":0},"classes":[]},{"id":96,"url":"https:\/\/www.msg-bussard.de\/?page_id=96","url_meta":{"origin":308,"position":2},"title":"Allgemeines","author":"Andre Schmitz","date":"2. April 2017","format":false,"excerpt":"","rel":"","context":"\u00c4hnlicher Beitrag","block_context":{"text":"\u00c4hnlicher Beitrag","link":""},"img":{"alt_text":"","src":"https:\/\/i0.wp.com\/www.msg-bussard.de\/wp-content\/uploads\/2017\/03\/header_5.jpg?fit=950%2C300&ssl=1&resize=350%2C200","width":350,"height":200,"srcset":"https:\/\/i0.wp.com\/www.msg-bussard.de\/wp-content\/uploads\/2017\/03\/header_5.jpg?fit=950%2C300&ssl=1&resize=350%2C200 1x, https:\/\/i0.wp.com\/www.msg-bussard.de\/wp-content\/uploads\/2017\/03\/header_5.jpg?fit=950%2C300&ssl=1&resize=525%2C300 1.5x, https:\/\/i0.wp.com\/www.msg-bussard.de\/wp-content\/uploads\/2017\/03\/header_5.jpg?fit=950%2C300&ssl=1&resize=700%2C400 2x"},"classes":[]},{"id":185,"url":"https:\/\/www.msg-bussard.de\/?page_id=185","url_meta":{"origin":308,"position":3},"title":"Kontakt","author":"Andre Schmitz","date":"2. April 2017","format":false,"excerpt":"\u00a0 \u00a0","rel":"","context":"\u00c4hnlicher Beitrag","block_context":{"text":"\u00c4hnlicher Beitrag","link":""},"img":{"alt_text":"","src":"https:\/\/i0.wp.com\/www.msg-bussard.de\/wp-content\/uploads\/2017\/03\/header_2.jpg?fit=950%2C300&ssl=1&resize=350%2C200","width":350,"height":200,"srcset":"https:\/\/i0.wp.com\/www.msg-bussard.de\/wp-content\/uploads\/2017\/03\/header_2.jpg?fit=950%2C300&ssl=1&resize=350%2C200 1x, https:\/\/i0.wp.com\/www.msg-bussard.de\/wp-content\/uploads\/2017\/03\/header_2.jpg?fit=950%2C300&ssl=1&resize=525%2C300 1.5x, https:\/\/i0.wp.com\/www.msg-bussard.de\/wp-content\/uploads\/2017\/03\/header_2.jpg?fit=950%2C300&ssl=1&resize=700%2C400 2x"},"classes":[]},{"id":411,"url":"https:\/\/www.msg-bussard.de\/?page_id=411","url_meta":{"origin":308,"position":4},"title":"Vatertagsfliegen 2017","author":"Andre Schmitz","date":"5. Oktober 2017","format":false,"excerpt":"\u00a0","rel":"","context":"\u00c4hnlicher Beitrag","block_context":{"text":"\u00c4hnlicher Beitrag","link":""},"img":{"alt_text":"","src":"https:\/\/i0.wp.com\/www.msg-bussard.de\/wp-content\/uploads\/2017\/10\/DSC_0004.jpg?resize=350%2C200","width":350,"height":200,"srcset":"https:\/\/i0.wp.com\/www.msg-bussard.de\/wp-content\/uploads\/2017\/10\/DSC_0004.jpg?resize=350%2C200 1x, https:\/\/i0.wp.com\/www.msg-bussard.de\/wp-content\/uploads\/2017\/10\/DSC_0004.jpg?resize=525%2C300 1.5x, https:\/\/i0.wp.com\/www.msg-bussard.de\/wp-content\/uploads\/2017\/10\/DSC_0004.jpg?resize=700%2C400 2x, https:\/\/i0.wp.com\/www.msg-bussard.de\/wp-content\/uploads\/2017\/10\/DSC_0004.jpg?resize=1050%2C600 3x, https:\/\/i0.wp.com\/www.msg-bussard.de\/wp-content\/uploads\/2017\/10\/DSC_0004.jpg?resize=1400%2C800 4x"},"classes":[]},{"id":93,"url":"https:\/\/www.msg-bussard.de\/?page_id=93","url_meta":{"origin":308,"position":5},"title":"Sommerfliegen 2011","author":"Andre Schmitz","date":"2. April 2017","format":false,"excerpt":"","rel":"","context":"\u00c4hnlicher Beitrag","block_context":{"text":"\u00c4hnlicher Beitrag","link":""},"img":{"alt_text":"","src":"https:\/\/i0.wp.com\/www.msg-bussard.de\/wp-content\/uploads\/2017\/03\/header_5.jpg?fit=950%2C300&ssl=1&resize=350%2C200","width":350,"height":200,"srcset":"https:\/\/i0.wp.com\/www.msg-bussard.de\/wp-content\/uploads\/2017\/03\/header_5.jpg?fit=950%2C300&ssl=1&resize=350%2C200 1x, https:\/\/i0.wp.com\/www.msg-bussard.de\/wp-content\/uploads\/2017\/03\/header_5.jpg?fit=950%2C300&ssl=1&resize=525%2C300 1.5x, https:\/\/i0.wp.com\/www.msg-bussard.de\/wp-content\/uploads\/2017\/03\/header_5.jpg?fit=950%2C300&ssl=1&resize=700%2C400 2x"},"classes":[]}],"_links":{"self":[{"href":"https:\/\/www.msg-bussard.de\/index.php?rest_route=\/wp\/v2\/pages\/308","targetHints":{"allow":["GET"]}}],"collection":[{"href":"https:\/\/www.msg-bussard.de\/index.php?rest_route=\/wp\/v2\/pages"}],"about":[{"href":"https:\/\/www.msg-bussard.de\/index.php?rest_route=\/wp\/v2\/types\/page"}],"author":[{"embeddable":true,"href":"https:\/\/www.msg-bussard.de\/index.php?rest_route=\/wp\/v2\/users\/1"}],"replies":[{"embeddable":true,"href":"https:\/\/www.msg-bussard.de\/index.php?rest_route=%2Fwp%2Fv2%2Fcomments&post=308"}],"version-history":[{"count":12,"href":"https:\/\/www.msg-bussard.de\/index.php?rest_route=\/wp\/v2\/pages\/308\/revisions"}],"predecessor-version":[{"id":2548,"href":"https:\/\/www.msg-bussard.de\/index.php?rest_route=\/wp\/v2\/pages\/308\/revisions\/2548"}],"wp:attachment":[{"href":"https:\/\/www.msg-bussard.de\/index.php?rest_route=%2Fwp%2Fv2%2Fmedia&parent=308"}],"curies":[{"name":"wp","href":"https:\/\/api.w.org\/{rel}","templated":true}]}}