{"id":59,"date":"2017-04-02T11:30:19","date_gmt":"2017-04-02T09:30:19","guid":{"rendered":"http:\/\/www.msg-bussard.de\/?page_id=59"},"modified":"2022-03-01T14:20:46","modified_gmt":"2022-03-01T13:20:46","slug":"impressum","status":"publish","type":"page","link":"https:\/\/www.msg-bussard.de\/?page_id=59","title":{"rendered":"Impressum"},"content":{"rendered":"<h2>Modellflug-Sport-Gemeinschaft-Bussard e. V.<\/h2>\n<p>Teichaue 40<br \/>\n21365 Adendorf<\/p>\n<h3>Mitglied 04\/062 im Deutschen Modellflieger Verband e.V.<\/h3>\n<p>Telefon: 0175 4586363<br \/>\nE-Mail: info[ADD]msg-bussard.de<br \/>\nInternet: <a href=\"http:\/\/www.msg-bussard.de\">www.msg-bussard.de<\/a><\/p>\n<p>Vertretungsberechtigter Vorstand:<\/p>\n<p>Timo Meyer (Vorsitzender), (Anschrift wie oben),<\/p>\n<p>Registergericht: Amtsgericht L\u00fcneburg<br \/>\nRegisternummer: 20VR 801<\/p>\n<p>Inhaltlich Verantwortlicher gem\u00e4\u00df \u00a7 55 Abs. 2 RStV: Timo Meyer (Anschrift wie oben)<\/p>\n<p>Haftungshinweis:<br \/>\nTrotz sorgf\u00e4ltiger inhaltlicher Kontrolle \u00fcbernehmen wir keine Haftung f\u00fcr die Inhalte externer Links. F\u00fcr den Inhalt der verlinkten Seiten sind ausschlie\u00dflich deren Betreiber verantwortlich.<\/p>\n<p>Datenschutzerkl\u00e4rung:<\/p>\n<p>Verwendung von Cookies<\/p>\n<p>In einigen Bereichen unserer Website setzen wir Cookies ein. Hierbei handelt es sich um Kennungen, die es uns erlauben, Ihnen unsere Leistungen w\u00e4hrend Ihres Besuches individueller zur Verf\u00fcgung zu stellen. Wir verwenden Cookies nicht, um personenbezogene Daten zu sammeln. Sofern Sie \u00fcber den Einsatz von Cookies seitens Ihres Browsers informiert werden m\u00f6chten bzw. ausschlie\u00dfen wollen, sollten Sie die entsprechenden Browser-Einstellungen aktivieren.<\/p>\n","protected":false},"excerpt":{"rendered":"<p>Modellflug-Sport-Gemeinschaft-Bussard e. V. Teichaue 40 21365 Adendorf Mitglied 04\/062 im Deutschen Modellflieger Verband e.V. Telefon: 0175 4586363 E-Mail: info[ADD]msg-bussard.de Internet: www.msg-bussard.de Vertretungsberechtigter Vorstand: Timo Meyer (Vorsitzender), (Anschrift wie oben), Registergericht: Amtsgericht L\u00fcneburg Registernummer: 20VR 801 Inhaltlich Verantwortlicher gem\u00e4\u00df \u00a7 55 Abs. 2 RStV: Timo Meyer (Anschrift wie oben) Haftungshinweis: Trotz sorgf\u00e4ltiger inhaltlicher Kontrolle \u00fcbernehmen wir &#8230;<\/p>\n","protected":false},"author":1,"featured_media":51,"parent":0,"menu_order":0,"comment_status":"closed","ping_status":"closed","template":"","meta":{"jetpack_post_was_ever_published":false,"footnotes":""},"class_list":["post-59","page","type-page","status-publish","has-post-thumbnail","hentry"],"jetpack_sharing_enabled":true,"jetpack_shortlink":"https:\/\/wp.me\/P8AbUy-X","jetpack-related-posts":[{"id":16,"url":"https:\/\/www.msg-bussard.de\/","url_meta":{"origin":59,"position":0},"title":"Herzlich Willkommen bei der Modellfluggemeinschaft\u2026","author":"Andre Schmitz","date":"27. M\u00e4rz 2017","format":false,"excerpt":"Herzlich Willkommen bei der Modellfluggemeinschaft Bussard e.V. f\u00fcr Elektroflug in S\u00fclbeck, Landkreis L\u00fcneburg! Die MSG wurde in den 70iger Jahren mit Standort in Wittorf (SG Bardowick) gegr\u00fcndet, Ende der 80iger Jahre wurde durch Infrastrukturma\u00dfnahmen (Ausbau der A 39\/B 404) die Aufstiegsgenehmigung f\u00fcr das gepachtete Vereinsgel\u00e4nde widerrufen. Die zugesagte Unterst\u00fctzung f\u00fcr\u2026","rel":"","context":"\u00c4hnlicher Beitrag","block_context":{"text":"\u00c4hnlicher Beitrag","link":""},"img":{"alt_text":"","src":"https:\/\/i0.wp.com\/www.msg-bussard.de\/wp-content\/uploads\/2017\/03\/cropped-cropped-header_1.jpg?fit=1200%2C378&ssl=1&resize=350%2C200","width":350,"height":200,"srcset":"https:\/\/i0.wp.com\/www.msg-bussard.de\/wp-content\/uploads\/2017\/03\/cropped-cropped-header_1.jpg?fit=1200%2C378&ssl=1&resize=350%2C200 1x, https:\/\/i0.wp.com\/www.msg-bussard.de\/wp-content\/uploads\/2017\/03\/cropped-cropped-header_1.jpg?fit=1200%2C378&ssl=1&resize=525%2C300 1.5x, https:\/\/i0.wp.com\/www.msg-bussard.de\/wp-content\/uploads\/2017\/03\/cropped-cropped-header_1.jpg?fit=1200%2C378&ssl=1&resize=700%2C400 2x, https:\/\/i0.wp.com\/www.msg-bussard.de\/wp-content\/uploads\/2017\/03\/cropped-cropped-header_1.jpg?fit=1200%2C378&ssl=1&resize=1050%2C600 3x"},"classes":[]},{"id":308,"url":"https:\/\/www.msg-bussard.de\/?page_id=308","url_meta":{"origin":59,"position":1},"title":"Downloads","author":"Andre Schmitz","date":"10. April 2017","format":false,"excerpt":"PDF-Dateien zum downloaden ... DMFV Aktualisierung - Neue Luftverkehrs-Ordnung vom 7.04.2017 SATZUNG des MSG-Bussard e. V. - Stand: 3.03.2017 Flugbetriebsordnung_des MSG-Bussard e. V. - Stand: 21.03.2014 Kurzfassung der Flugbetriebsordnung des MSG-Bussard e. V. - Stand: 21.03.2014 .Aufnahmeantrag f\u00fcr die Mitgliedschaft im MSG Bussard e. V. ab 08.03.2024 Datenschutzrichtlinie der Modellsportgemeinschaft\u2026","rel":"","context":"\u00c4hnlicher Beitrag","block_context":{"text":"\u00c4hnlicher Beitrag","link":""},"img":{"alt_text":"","src":"https:\/\/i0.wp.com\/www.msg-bussard.de\/wp-content\/uploads\/2017\/04\/logo.png?resize=350%2C200","width":350,"height":200},"classes":[]},{"id":140,"url":"https:\/\/www.msg-bussard.de\/?page_id=140","url_meta":{"origin":59,"position":2},"title":"Presseberichte","author":"Andre Schmitz","date":"2. April 2017","format":false,"excerpt":"Zeitungsbericht aus der L\u00fcneburger Landeszeitung vom 23.07.2016 Modellflieger heben ab (\u201eDer Kreisbote\u201c) Zu Besuch auf dem Flugplatz in S\u00fclbeck Jetzt heben sie wieder ab, die Modellflieger in S\u00fclbeck. Die KREISBOTEN haben Peter Kempny \u00a0 \u00a0 \u00a0 \u00a0 \u00a0 \u00a0 (Foto: the) und seine Freunde von der Modellsportgruppe Bussard auf dem\u2026","rel":"","context":"\u00c4hnlicher Beitrag","block_context":{"text":"\u00c4hnlicher Beitrag","link":""},"img":{"alt_text":"IMG_9546","src":"https:\/\/msgbussard.files.wordpress.com\/2017\/03\/img_9546.jpg?w=350&h=200&crop=1","width":350,"height":200},"classes":[]},{"id":287,"url":"https:\/\/www.msg-bussard.de\/?page_id=287","url_meta":{"origin":59,"position":3},"title":"Wie ich zum RC-Sport kam &#8230; ein Selbstportrait","author":"Andre Schmitz","date":"10. April 2017","format":false,"excerpt":"April, 2017 Vor guten 4 Jahren packte mich das RC-Virus. Ein Freund dr\u00fcckte mir einen kl. Heli in die Hand, und damit fing es an. Nachdem ich diesen zum Leidwesen des Freundes sofort an die Zimmerdecke geflogen hatte, kaufte ich Ersatz und einen eigenen Heli f\u00fcr mich. Nachdem ich im\u2026","rel":"","context":"\u00c4hnlicher Beitrag","block_context":{"text":"\u00c4hnlicher Beitrag","link":""},"img":{"alt_text":"","src":"https:\/\/i0.wp.com\/www.msg-bussard.de\/wp-content\/uploads\/2017\/04\/KDS-Model-300x225.jpg?resize=350%2C200","width":350,"height":200},"classes":[]},{"id":19,"url":"https:\/\/www.msg-bussard.de\/?page_id=19","url_meta":{"origin":59,"position":4},"title":"Blog","author":"Andre Schmitz","date":"27. M\u00e4rz 2017","format":false,"excerpt":"","rel":"","context":"\u00c4hnlicher Beitrag","block_context":{"text":"\u00c4hnlicher Beitrag","link":""},"img":{"alt_text":"","src":"","width":0,"height":0},"classes":[]},{"id":96,"url":"https:\/\/www.msg-bussard.de\/?page_id=96","url_meta":{"origin":59,"position":5},"title":"Allgemeines","author":"Andre Schmitz","date":"2. April 2017","format":false,"excerpt":"","rel":"","context":"\u00c4hnlicher Beitrag","block_context":{"text":"\u00c4hnlicher Beitrag","link":""},"img":{"alt_text":"","src":"https:\/\/i0.wp.com\/www.msg-bussard.de\/wp-content\/uploads\/2017\/03\/header_5.jpg?fit=950%2C300&ssl=1&resize=350%2C200","width":350,"height":200,"srcset":"https:\/\/i0.wp.com\/www.msg-bussard.de\/wp-content\/uploads\/2017\/03\/header_5.jpg?fit=950%2C300&ssl=1&resize=350%2C200 1x, https:\/\/i0.wp.com\/www.msg-bussard.de\/wp-content\/uploads\/2017\/03\/header_5.jpg?fit=950%2C300&ssl=1&resize=525%2C300 1.5x, https:\/\/i0.wp.com\/www.msg-bussard.de\/wp-content\/uploads\/2017\/03\/header_5.jpg?fit=950%2C300&ssl=1&resize=700%2C400 2x"},"classes":[]}],"_links":{"self":[{"href":"https:\/\/www.msg-bussard.de\/index.php?rest_route=\/wp\/v2\/pages\/59","targetHints":{"allow":["GET"]}}],"collection":[{"href":"https:\/\/www.msg-bussard.de\/index.php?rest_route=\/wp\/v2\/pages"}],"about":[{"href":"https:\/\/www.msg-bussard.de\/index.php?rest_route=\/wp\/v2\/types\/page"}],"author":[{"embeddable":true,"href":"https:\/\/www.msg-bussard.de\/index.php?rest_route=\/wp\/v2\/users\/1"}],"replies":[{"embeddable":true,"href":"https:\/\/www.msg-bussard.de\/index.php?rest_route=%2Fwp%2Fv2%2Fcomments&post=59"}],"version-history":[{"count":4,"href":"https:\/\/www.msg-bussard.de\/index.php?rest_route=\/wp\/v2\/pages\/59\/revisions"}],"predecessor-version":[{"id":1358,"href":"https:\/\/www.msg-bussard.de\/index.php?rest_route=\/wp\/v2\/pages\/59\/revisions\/1358"}],"wp:featuredmedia":[{"embeddable":true,"href":"https:\/\/www.msg-bussard.de\/index.php?rest_route=\/wp\/v2\/media\/51"}],"wp:attachment":[{"href":"https:\/\/www.msg-bussard.de\/index.php?rest_route=%2Fwp%2Fv2%2Fmedia&parent=59"}],"curies":[{"name":"wp","href":"https:\/\/api.w.org\/{rel}","templated":true}]}}