{"id":69,"date":"2017-04-02T11:50:13","date_gmt":"2017-04-02T09:50:13","guid":{"rendered":"http:\/\/www.msg-bussard.de\/?page_id=69"},"modified":"2017-04-11T12:35:20","modified_gmt":"2017-04-11T10:35:20","slug":"satzung-2","status":"publish","type":"page","link":"https:\/\/www.msg-bussard.de\/?page_id=69","title":{"rendered":"Satzung"},"content":{"rendered":"<div id=\"c8\" class=\"csc-default\">\n<div class=\"art-postmetadataheader\">\n<h2 class=\"art-postheader\"><span style=\"color: #808080;\"><strong>der Modellflug-Sport-Gemeinschaft-Bussard e.V.<\/strong><\/span><\/h2>\n<p>&nbsp;<\/p>\n<p><strong>\u00a71 NAME. SITZ. GERICHTSSTAND und GR\u00dcNDUNG<\/strong><\/p>\n<\/div>\n<ol>\n<li>Der Verein tr\u00e4gt den Namen &#8220; Modellflug-Sport-Gemeinschaft-Bussard &#8220; mit dem Zusatz &#8220; e.V. &#8222;<\/li>\n<li>Der Sitz des Vereins ist Wittorf.<\/li>\n<li>Der Gerichtsstand ist L\u00fcneburg.<\/li>\n<li>Der Gr\u00fcndungstag ist der 31. Januar 1981 und der Gr\u00fcndungsort Wittorf.<\/li>\n<\/ol>\n<p>&nbsp;<\/p>\n<p><strong>\u00a72 ZWECK und ZIEL des Vereins<\/strong><\/p>\n<ol>\n<li>Der Verein ist eine Organisation zur F\u00f6rderung des Modellflugsportes ( Bau und Betrieb ). Er setzt sich die Aufgabe, allen seinen Mitgliedern durch gemeinschaftliches Wirken die Aus\u00fcbung des Modellflugsportes in allen seinen Arten zu erm\u00f6glichen.<\/li>\n<li>Jede politische, milit\u00e4rische, gewerbliche oder konfessionelle Bet\u00e4tigung ist ausgeschlossen. Die T\u00e4tigkeit des Vereins ist nicht auf wirtschaftliche Ziele ausgerichtet.<\/li>\n<\/ol>\n<p>&nbsp;<\/p>\n<p><strong>\u00a73 MITGLIEDER und MITGLIEDSCHAFT<\/strong><\/p>\n<ol>\n<li>Der Verein setzt sich zusammen aus: erwachsenen Mitgliedern, jugendlichen Mitgliedern, f\u00f6rdernden Mitgliedern, Ehrenmitgliedern.<\/li>\n<li>Mitglied kann jede nat\u00fcrliche Person ab dem 13. Lebensjahr oder juristische Person werden, die die Ziele des Vereins bejaht und in jeder Weise zu unterst\u00fctzen, bereit ist.<\/li>\n<li>F\u00f6rderndes Mitglied kann jede nat\u00fcrliche oder juristische Person werden, die bereit ist, den Verein finanziell oder materiell zur Erreichung seiner Ziele zu unterst\u00fctzen.<\/li>\n<li>Die Ehrenmitgliedschaft kann auf Vorschlag des Vorstandes f\u00fcr besondere Verdienste um den Verein von der Mitgliederversammlung verliehen werden.<\/li>\n<\/ol>\n<p>&nbsp;<\/p>\n<p><strong>\u00a74 ERWERB und BEGINN der MITGLIEDSCHAFT<\/strong><\/p>\n<ol>\n<li>Der Eintritt in den Verein ist jeweils zum Monatsbeginn m\u00f6glich. Die Aufnahme ist auf einem Formblatt schriftlich zu beantragen. Bei Minderj\u00e4hrigen bedarf es der schriftlichen Zustimmung des gesetzlichen Vertreters.\n<ol>\n<li>\u00dcber die Aufnahme des neuen Mitgliedes entscheidet der Vorstand.<\/li>\n<\/ol>\n<\/li>\n<li>Die Mitgliedschaft beginnt mit der Aush\u00e4ndigung des Mitgliedsausweises und ist nicht \u00fcbertragbar.<\/li>\n<li>Mit der Aufnahme erkennt das Mitglied die Satzung an.<\/li>\n<li>Ein Anspruch auf Aufnahme in den Verein besteht nicht. Die Ablehnung eines Aufnahmeantrages bedarf keiner Begr\u00fcndung.<\/li>\n<\/ol>\n<p>&nbsp;<\/p>\n<p><strong>\u00a75 ENDE der MITGLIEDSCHAFT \/ AUSTRITT \/ AUSSCHLUSS<\/strong><\/p>\n<ol>\n<li>Die Mitgliedschaft erlischt mit dem Tode des Mitgliedes.<\/li>\n<li>Der Austritt aus dem Verein ist jeweils zum Quartalsende m\u00f6glich. Die K\u00fcndigung muss schriftlich per eingeschriebenem Brief erfolgen und sechs Wochen vor Quartalsende dem Vorstand vorliegen.<\/li>\n<li>Rechte und Pflichten des Mitgliedes enden zum Austrittstermin.<\/li>\n<li>M\u00fcndliche K\u00fcndigungen haben keine Wirksamkeit.<\/li>\n<li>Das ausscheidende Mitglied verliert jeden Anspruch an das Verm\u00f6gen des Vereins, jedoch bleiben, au\u00dfer bei Tod, alle Verpflichtungen gegen\u00fcber dem Verein, insbesondere Beitragsr\u00fcckst\u00e4nde, zwei Jahre lang bestehen.<\/li>\n<li>Ein Mitglied kann mit 2\/3 Mehrheitsbeschluss der Mitgliederversammlung ausgeschlossen werden:\n<ol>\n<li>bei groben Verst\u00f6\u00dfen gegen die Satzung und Ordnung des Vereins,<\/li>\n<li>bei grobem unsportlichen Verhalten gegen\u00fcber anderen Vereinsmitgliedern, G\u00e4sten und Zuschauern oder bei wiederholten Verst\u00f6\u00dfen gegen die Sicherheitsvorschriften oder die Platzordnung des Vereins.<\/li>\n<\/ol>\n<\/li>\n<li>Eventuelle Kosten eines Ausschlussverfahrens gehen zu Lasten des ausgeschlossenen Mitgliedes.<\/li>\n<\/ol>\n<p>&nbsp;<\/p>\n<p><strong>\u00a76 AUFNAHMEGEB\u00dcHR und BEITR\u00c4GE<\/strong><\/p>\n<ol>\n<li>Die Aufnahmegeb\u00fchr und die Beitr\u00e4ge werden von dem Vorstand vorgeschlagen und m\u00fcssen von der Mitgliederversammlung mit 2\/3 Mehrheit der Anwesenden best\u00e4tigt werden.<\/li>\n<li>Jedes Vereinsmitglied (au\u00dfer Ehrenmitglieder) ist zur Zahlung der festgesetzten Mitgliederbeitr\u00e4ge verpflichtet.<\/li>\n<li>Die Beitr\u00e4ge sind j\u00e4hrlich vom Vereinsmitglied im Voraus bis sp\u00e4testens zum 31. Januar des Ge-sch\u00e4ftsjahres auf das Vereinskonto zu zahlen.<\/li>\n<\/ol>\n<p>&nbsp;<\/p>\n<p><strong>\u00a77 VERWENDUNG der BEITR\u00c4GE und GEB\u00dcHREN<\/strong><\/p>\n<ol>\n<li>Die Beitr\u00e4ge und Geb\u00fchren sind ausschlie\u00dflich im Interesse des Vereins zu verwenden.<\/li>\n<li>Die T\u00e4tigkeit aller Mitglieder ist ehrenamtlich und darf nicht mit wirtschaftlichen oder anderen pers\u00f6nlichen Vorteilen verbunden sein. Ebenfalls darf sie nicht aus Vereinsmitteln honoriert werden.<\/li>\n<\/ol>\n<p>&nbsp;<\/p>\n<p><strong>\u00a78 GESCH\u00c4FTSJAHR<\/strong><\/p>\n<ol>\n<li>Gesch\u00e4ftsjahr ist das Kalenderjahr:<\/li>\n<\/ol>\n<p>&nbsp;<\/p>\n<p><strong>\u00a79 RECHTE und PFLICHTEN der MITGLIEDER<\/strong><\/p>\n<ol>\n<li>Jedes Mitglied hat das Recht, alle Einrichtungen des Vereins in Anspruch zu nehmen, sich an Veranstaltungen, Mitgliederversammlungen und Wahlen gem\u00e4\u00df der Einzelbestimmungen in \u00a711 zu beteiligen.<\/li>\n<li>Die Beschl\u00fcsse und Anordnungen des Vorstandes und der Mitgliederversammlung sind f\u00fcr alle Mitglieder bindend. Die Mitglieder haben die Pflicht, die Satzung und Beschl\u00fcsse der MSG-Bussard zu befolgen.<\/li>\n<li>Der Betrieb von Flugmodellen ist nur unter Beachtung der einschl\u00e4gigen gesetzlichen Bestimmun-gen, insbesondere der Postlizenz und des Versicherungsschutzes gestattet.<\/li>\n<li>Gastflieger ohne Vereinszugeh\u00f6rigkeit (Fremdverein) d\u00fcrfen nur bei Anwesenheit von mindestens drei Mitgliedern und g\u00fcltiger Versicherung fliegen. Gastflieger mit eindeutiger Vereinszugeh\u00f6rigkeit (Fremdverein) und g\u00fcltiger Versicherung d\u00fcrfen in Anwesenheit mindestens eines Mitglieds fliegen.<\/li>\n<\/ol>\n<p>&nbsp;<\/p>\n<p><strong>\u00a710 ORGANE der MSG-BUSSARD<\/strong><\/p>\n<ol>\n<li>Die Organe sind: Der Vorstand und die Mitgliederversammlung.<\/li>\n<\/ol>\n<p>&nbsp;<\/p>\n<p><strong>\u00a711 DER VORSTAND<\/strong><\/p>\n<ol>\n<li>Der Vorstand besteht aus:\n<ol>\n<li>dem 1. Vorsitzenden<\/li>\n<li>dem 2. Vorsitzenden<\/li>\n<li>dem Kassenwart<\/li>\n<li>dem Schriftf\u00fchrer.<\/li>\n<\/ol>\n<\/li>\n<li>Der Vorstand im Sinne des \u00a7 26 BGB besteht aus:\n<ol>\n<li>dem 1. Vorsitzenden<\/li>\n<li>dem 2. Vorsitzenden<\/li>\n<li>dem Kassenwart. wobei je zwei dieser Vorstandsmitglieder zur Vertretung des Vereins berechtigt sind. Im Innenverh\u00e4ltnis gilt, dass der Kassenwart zusammen mit einem der beiden Vorsitzenden nur dann vertreten darf, wenn der jeweils andere Vorsitzende verhindert ist.<\/li>\n<\/ol>\n<\/li>\n<li>Die Bestellung des Vorstandes erfolgt durch geheime Wahl auf der Mitgliederversammlung. Die Amtszeit betr\u00e4gt zwei Jahre. Alle Vorstandsmitglieder sind nach ihrer Amtszeit wiederw\u00e4hlbar.<\/li>\n<li>Jedes Vorstandsmitglied hat das Recht, von seinem Amt jederzeit unter Angabe der Gr\u00fcnde zur\u00fcckzutreten. Das Vorstandsmitglied darf ohne wichtigen Grund nicht zur Unzeit sein Amt niederlegen.<\/li>\n<li>Der Vorstand tritt bei Bedarf auf Einladung des 1. Vorsitzenden zur Vorstandssitzung zusammen. Zur Beschlussf\u00e4higkeit bedarf es der Anwesenheit von mindestens einem Vorstandsmitglied mehr als die H\u00e4lfte der Vorstandsmitglieder.<\/li>\n<li>Der Vorstand bestimmt f\u00fcr seine Amtszeit die grundlegenden Richtlinien zur Vereinsarbeit und zu den Finanzen des Vereins. Er ist jedoch an Mehrheitsbeschl\u00fcsse der Mitgliederversammlungen gebunden und kann diese nur durch Mehrheitsbeschl\u00fcsse einer Mitgliederversammlung \u00e4ndern oder aufheben lassen.<\/li>\n<li>Der Vorstand ist zur ordnungsgem\u00e4\u00dfen Buchf\u00fchrung \u00fcber die Finanzen des Vereins verpflichtet. Er muss den Kassenpr\u00fcfern jederzeit Einsicht in die Buchf\u00fchrung und deren Unterlagen gestatten.<\/li>\n<li>\u00dcber alle Vorstandsbeschl\u00fcsse sind Protokolle anzufertigen, die vom Protokollf\u00fchrer und einem weiteren Vorstandsmitglied zu unterschreiben sind.<\/li>\n<\/ol>\n<p>&nbsp;<\/p>\n<p><strong>\u00a712 Die MITGLIEDERVERSAMMLUNG<\/strong><\/p>\n<ol>\n<li>Eine ordentliche Mitgliederversammlung oder auch Jahreshauptversammlung wird j\u00e4hrlich zu Jahresbeginn einmal einberufen, indem alle Mitglieder mit einer Frist von mindestens 14 Tagen unter Angabe der Tagesordnungspunkte per Email mit Lesebest\u00e4tigung vom Vorstand eingeladen werden. Wenn keine Email-Adresse vorhanden, wird das Mitglied per Brief eingeladen.<\/li>\n<li>Au\u00dferordentliche Mitgliederversammlungen k\u00f6nnen aus gegebener Veranlassung vom Vorstand einberufen werden.<\/li>\n<li>Au\u00dferordentliche Mitgliederversammlungen sind einzuberufen, wenn dieses von mindestens 1\/5 (ein F\u00fcnftel) aller stimmberechtigten Mitglieder des Vereins unter Angabe des Zwecks und der Gr\u00fcnde verlangt wird.<\/li>\n<li>Auf jeder ordentlichen Mitgliederversammlung m\u00fcssen der Gesch\u00e4fts- und Kassenbericht f\u00fcr das verflossene Gesch\u00e4ftsjahr vom Vorstand vorgelegt und erl\u00e4utert werden. Weiterhin muss \u00fcber diesen Bericht nach Anh\u00f6rung der Kassenpr\u00fcfer zur Entlastung des Vorstandes abgestimmt werden<\/li>\n<li>Jede Mitgliederversammlung hat das Recht, den derzeit amtierenden Vorstand oder einzelne Vorstandsmitglieder durch ein konstruktives Misstrauensvotum d.h. durch gleichzeitige Neuwahlen abzuw\u00e4hlen.<\/li>\n<li>\u00dcber alle Mitgliederversammlungen sind Protokolle zu fertigen, die von dem vom Vorstand beauftragten Protokollf\u00fchrer, einem Mitglied des Vorstandes und zwei Vereinsmitgliedern zu unterschreiben sind. Die Protokolle m\u00fcssen allen Mitgliedern des Vereins zur Kenntnis gebracht werden.<\/li>\n<\/ol>\n<p>&nbsp;<\/p>\n<p><strong>\u00a713 KASSENPR\u00dcFER<\/strong><\/p>\n<ol>\n<li>Zu Kassenpr\u00fcfern werden zwei Mitglieder des Vereins auf einer Mitgliederversammlung auf unbestimmte Zeit gew\u00e4hlt. Ihre Amtszeit endet, wenn auf einer ordentlichen Mitgliederversammlung neue Kassenpr\u00fcfer gew\u00e4hlt werden oder wenn sie selber ihren R\u00fccktritt erkl\u00e4ren und auf der n\u00e4chsten ordentlichen oder au\u00dferordentlichen Mitgliederversammlung neue Kassenpr\u00fcfer bestellt werden.<\/li>\n<li>Zu Kassenpr\u00fcfern k\u00f6nnen auch Nichtmitglieder bestellt werden.<\/li>\n<\/ol>\n<p>&nbsp;<\/p>\n<p><strong>\u00a714 WAHLEN und ABSTIMMUNGEN<\/strong><\/p>\n<ol>\n<li>Alle Wahlen sind geheim. Alle sonstigen Abstimmungen k\u00f6nnen per Handzeichen erfolgen, wenn von keinem anwesenden Mitglied vor der Abstimmung Einspruch erhoben wird.<\/li>\n<li>Als Vorstandsmitglied oder Kassenpr\u00fcfer ist gew\u00e4hlt, wer die absolute Mehrheit aller anwesenden stimmberechtigten Vereinsmitglieder auf sich vereinigt. Kommt eine solche Mehrheit im ersten Wahlgang nicht zustande, ist umgehend eine Stichwahl zwischen den Erstplatzierten, durchzuf\u00fchren. Hier entscheidet die einfache Mehrheit der abgegebenen Stimmen.<\/li>\n<li>Eine Versammlung im Sinne von \u00a712 fasst Beschl\u00fcsse im Allgemeinen mit einfacher Mehrheit der abgegebenen g\u00fcltigen Stimmen. Stimmenthaltungen bleiben ebenso wie ung\u00fcltige Stimmen au\u00dfer Betracht.<\/li>\n<li>Die Wahlen werden von einem Wahlleiter und einem Wahlhelfer durchgef\u00fchrt. Diese sind auf Befragen von der Versammlung zu bestimmen.<\/li>\n<\/ol>\n<p>&nbsp;<\/p>\n<p><strong>\u00a715 SATZUNGS\u00c4NDERUNGEN<\/strong><\/p>\n<ol>\n<li>Eine Satzungs\u00e4nderung bedarf einer 2\/3 (zwei Drittel) Mehrheit der abgegebenen g\u00fcltigen Stimmen. Stimmenthaltungen bleiben ebenso wie ung\u00fcltige Stimmen au\u00dfer Betracht.<\/li>\n<li>Eine Satzungs\u00e4nderung kann nur von einer Mitgliederversammlung beschlossen werden.<\/li>\n<\/ol>\n<p>&nbsp;<\/p>\n<p><strong>\u00a716 AUFL\u00d6SUNG des VEREINS<\/strong><\/p>\n<ol>\n<li>Die Aufl\u00f6sung bedarf einer 3\/4 (drei Viertel) Mehrheit aller anwesenden Mitglieder des Vereins. Sie kann nur von einer Mitgliederversammlung beschlossen werden, die speziell zum Zweck der Vereinsaufl\u00f6sung einberufen wird.<\/li>\n<li>Bei Aufl\u00f6sung des Vereins soll das vorhandene Vereinsverm\u00f6gen nach Abstimmung wie unter \u00a716 (1) einer Verwendung zugef\u00fchrt werden, die ausschlie\u00dflich gemeinn\u00fctzigen Zwecken dient.<\/li>\n<\/ol>\n<p>&nbsp;<\/p>\n<\/div>\n<div id=\"c8\" class=\"csc-default\">\n<p>Wittorf, den 23. Januar 1987<\/p>\n<p>Abschrift, Hohnstorf, den 9. Juli 1994<\/p>\n<p>&nbsp;<\/p>\n<p><strong>\u00c4nderung, den 22. Februar 2013<\/strong><\/p>\n<p><strong>\u00c4nderung, den 03. M\u00e4rz 2017<\/strong><\/p>\n<\/div>\n","protected":false},"excerpt":{"rendered":"<p>der Modellflug-Sport-Gemeinschaft-Bussard e.V. &nbsp; \u00a71 NAME. SITZ. GERICHTSSTAND und GR\u00dcNDUNG Der Verein tr\u00e4gt den Namen &#8220; Modellflug-Sport-Gemeinschaft-Bussard &#8220; mit dem Zusatz &#8220; e.V. &#8222; Der Sitz des Vereins ist Wittorf. Der Gerichtsstand ist L\u00fcneburg. Der Gr\u00fcndungstag ist der 31. Januar 1981 und der Gr\u00fcndungsort Wittorf. &nbsp; \u00a72 ZWECK und ZIEL des Vereins Der Verein ist &#8230;<\/p>\n","protected":false},"author":1,"featured_media":0,"parent":96,"menu_order":0,"comment_status":"closed","ping_status":"closed","template":"template-full-width.php","meta":{"jetpack_post_was_ever_published":false,"footnotes":""},"class_list":["post-69","page","type-page","status-publish","hentry"],"jetpack_sharing_enabled":true,"jetpack_shortlink":"https:\/\/wp.me\/P8AbUy-17","jetpack-related-posts":[{"id":16,"url":"https:\/\/www.msg-bussard.de\/","url_meta":{"origin":69,"position":0},"title":"Herzlich Willkommen bei der Modellfluggemeinschaft\u2026","author":"Andre Schmitz","date":"27. M\u00e4rz 2017","format":false,"excerpt":"Herzlich Willkommen bei der Modellfluggemeinschaft Bussard e.V. f\u00fcr Elektroflug in S\u00fclbeck, Landkreis L\u00fcneburg! Die MSG wurde in den 70iger Jahren mit Standort in Wittorf (SG Bardowick) gegr\u00fcndet, Ende der 80iger Jahre wurde durch Infrastrukturma\u00dfnahmen (Ausbau der A 39\/B 404) die Aufstiegsgenehmigung f\u00fcr das gepachtete Vereinsgel\u00e4nde widerrufen. Die zugesagte Unterst\u00fctzung f\u00fcr\u2026","rel":"","context":"\u00c4hnlicher Beitrag","block_context":{"text":"\u00c4hnlicher Beitrag","link":""},"img":{"alt_text":"","src":"https:\/\/i0.wp.com\/www.msg-bussard.de\/wp-content\/uploads\/2017\/03\/cropped-cropped-header_1.jpg?fit=1200%2C378&ssl=1&resize=350%2C200","width":350,"height":200,"srcset":"https:\/\/i0.wp.com\/www.msg-bussard.de\/wp-content\/uploads\/2017\/03\/cropped-cropped-header_1.jpg?fit=1200%2C378&ssl=1&resize=350%2C200 1x, https:\/\/i0.wp.com\/www.msg-bussard.de\/wp-content\/uploads\/2017\/03\/cropped-cropped-header_1.jpg?fit=1200%2C378&ssl=1&resize=525%2C300 1.5x, https:\/\/i0.wp.com\/www.msg-bussard.de\/wp-content\/uploads\/2017\/03\/cropped-cropped-header_1.jpg?fit=1200%2C378&ssl=1&resize=700%2C400 2x, https:\/\/i0.wp.com\/www.msg-bussard.de\/wp-content\/uploads\/2017\/03\/cropped-cropped-header_1.jpg?fit=1200%2C378&ssl=1&resize=1050%2C600 3x"},"classes":[]},{"id":287,"url":"https:\/\/www.msg-bussard.de\/?page_id=287","url_meta":{"origin":69,"position":1},"title":"Wie ich zum RC-Sport kam &#8230; ein Selbstportrait","author":"Andre Schmitz","date":"10. April 2017","format":false,"excerpt":"April, 2017 Vor guten 4 Jahren packte mich das RC-Virus. Ein Freund dr\u00fcckte mir einen kl. Heli in die Hand, und damit fing es an. Nachdem ich diesen zum Leidwesen des Freundes sofort an die Zimmerdecke geflogen hatte, kaufte ich Ersatz und einen eigenen Heli f\u00fcr mich. Nachdem ich im\u2026","rel":"","context":"\u00c4hnlicher Beitrag","block_context":{"text":"\u00c4hnlicher Beitrag","link":""},"img":{"alt_text":"","src":"https:\/\/i0.wp.com\/www.msg-bussard.de\/wp-content\/uploads\/2017\/04\/KDS-Model-300x225.jpg?resize=350%2C200","width":350,"height":200},"classes":[]},{"id":103,"url":"https:\/\/www.msg-bussard.de\/?page_id=103","url_meta":{"origin":69,"position":2},"title":"Flugbetriebsordnung","author":"Andre Schmitz","date":"2. April 2017","format":false,"excerpt":"(Kurzfassung) \u00a7 1 1. Mit Betreten des Modellflugplatzes erkennt jeder die Flugbetriebsordnung an. Es gilt \u00a71 der LuftVO. 2. Teilnehmer am Modellflugbetrieb haben sich so zu verhalten, dass die allgemeine Sicherheit und Ordnung sowie der Flugbetrieb weder gef\u00e4hrdet noch eingeschr\u00e4nkt wird. \u00a7 2 Bei einem Modellflugbetrieb in der Luft und\/oder\u2026","rel":"","context":"\u00c4hnlicher Beitrag","block_context":{"text":"\u00c4hnlicher Beitrag","link":""},"img":{"alt_text":"","src":"","width":0,"height":0},"classes":[]},{"id":59,"url":"https:\/\/www.msg-bussard.de\/?page_id=59","url_meta":{"origin":69,"position":3},"title":"Impressum","author":"Andre Schmitz","date":"2. April 2017","format":false,"excerpt":"Modellflug-Sport-Gemeinschaft-Bussard e. V. Teichaue 40 21365 Adendorf Mitglied 04\/062 im Deutschen Modellflieger Verband e.V. Telefon: 0175 4586363 E-Mail: info[ADD]msg-bussard.de Internet: www.msg-bussard.de Vertretungsberechtigter Vorstand: Timo Meyer (Vorsitzender), (Anschrift wie oben), Registergericht: Amtsgericht L\u00fcneburg Registernummer: 20VR 801 Inhaltlich Verantwortlicher gem\u00e4\u00df \u00a7 55 Abs. 2 RStV: Timo Meyer (Anschrift wie oben) Haftungshinweis: Trotz\u2026","rel":"","context":"\u00c4hnlicher Beitrag","block_context":{"text":"\u00c4hnlicher Beitrag","link":""},"img":{"alt_text":"","src":"https:\/\/i0.wp.com\/www.msg-bussard.de\/wp-content\/uploads\/2017\/03\/header_5.jpg?fit=950%2C300&ssl=1&resize=350%2C200","width":350,"height":200,"srcset":"https:\/\/i0.wp.com\/www.msg-bussard.de\/wp-content\/uploads\/2017\/03\/header_5.jpg?fit=950%2C300&ssl=1&resize=350%2C200 1x, https:\/\/i0.wp.com\/www.msg-bussard.de\/wp-content\/uploads\/2017\/03\/header_5.jpg?fit=950%2C300&ssl=1&resize=525%2C300 1.5x, https:\/\/i0.wp.com\/www.msg-bussard.de\/wp-content\/uploads\/2017\/03\/header_5.jpg?fit=950%2C300&ssl=1&resize=700%2C400 2x"},"classes":[]},{"id":140,"url":"https:\/\/www.msg-bussard.de\/?page_id=140","url_meta":{"origin":69,"position":4},"title":"Presseberichte","author":"Andre Schmitz","date":"2. April 2017","format":false,"excerpt":"Zeitungsbericht aus der L\u00fcneburger Landeszeitung vom 23.07.2016 Modellflieger heben ab (\u201eDer Kreisbote\u201c) Zu Besuch auf dem Flugplatz in S\u00fclbeck Jetzt heben sie wieder ab, die Modellflieger in S\u00fclbeck. Die KREISBOTEN haben Peter Kempny \u00a0 \u00a0 \u00a0 \u00a0 \u00a0 \u00a0 (Foto: the) und seine Freunde von der Modellsportgruppe Bussard auf dem\u2026","rel":"","context":"\u00c4hnlicher Beitrag","block_context":{"text":"\u00c4hnlicher Beitrag","link":""},"img":{"alt_text":"IMG_9546","src":"https:\/\/msgbussard.files.wordpress.com\/2017\/03\/img_9546.jpg?w=350&h=200&crop=1","width":350,"height":200},"classes":[]},{"id":308,"url":"https:\/\/www.msg-bussard.de\/?page_id=308","url_meta":{"origin":69,"position":5},"title":"Downloads","author":"Andre Schmitz","date":"10. April 2017","format":false,"excerpt":"PDF-Dateien zum downloaden ... DMFV Aktualisierung - Neue Luftverkehrs-Ordnung vom 7.04.2017 SATZUNG des MSG-Bussard e. V. - Stand: 3.03.2017 Flugbetriebsordnung_des MSG-Bussard e. V. - Stand: 21.03.2014 Kurzfassung der Flugbetriebsordnung des MSG-Bussard e. V. - Stand: 21.03.2014 .Aufnahmeantrag f\u00fcr die Mitgliedschaft im MSG Bussard e. V. ab 08.03.2024 Datenschutzrichtlinie der Modellsportgemeinschaft\u2026","rel":"","context":"\u00c4hnlicher Beitrag","block_context":{"text":"\u00c4hnlicher Beitrag","link":""},"img":{"alt_text":"","src":"https:\/\/i0.wp.com\/www.msg-bussard.de\/wp-content\/uploads\/2017\/04\/logo.png?resize=350%2C200","width":350,"height":200},"classes":[]}],"_links":{"self":[{"href":"https:\/\/www.msg-bussard.de\/index.php?rest_route=\/wp\/v2\/pages\/69","targetHints":{"allow":["GET"]}}],"collection":[{"href":"https:\/\/www.msg-bussard.de\/index.php?rest_route=\/wp\/v2\/pages"}],"about":[{"href":"https:\/\/www.msg-bussard.de\/index.php?rest_route=\/wp\/v2\/types\/page"}],"author":[{"embeddable":true,"href":"https:\/\/www.msg-bussard.de\/index.php?rest_route=\/wp\/v2\/users\/1"}],"replies":[{"embeddable":true,"href":"https:\/\/www.msg-bussard.de\/index.php?rest_route=%2Fwp%2Fv2%2Fcomments&post=69"}],"version-history":[{"count":4,"href":"https:\/\/www.msg-bussard.de\/index.php?rest_route=\/wp\/v2\/pages\/69\/revisions"}],"predecessor-version":[{"id":321,"href":"https:\/\/www.msg-bussard.de\/index.php?rest_route=\/wp\/v2\/pages\/69\/revisions\/321"}],"up":[{"embeddable":true,"href":"https:\/\/www.msg-bussard.de\/index.php?rest_route=\/wp\/v2\/pages\/96"}],"wp:attachment":[{"href":"https:\/\/www.msg-bussard.de\/index.php?rest_route=%2Fwp%2Fv2%2Fmedia&parent=69"}],"curies":[{"name":"wp","href":"https:\/\/api.w.org\/{rel}","templated":true}]}}