{"id":96,"date":"2017-04-02T11:39:07","date_gmt":"2017-04-02T09:39:07","guid":{"rendered":"http:\/\/www.msg-bussard.de\/?page_id=96"},"modified":"2017-04-05T12:35:23","modified_gmt":"2017-04-05T10:35:23","slug":"allgemeines","status":"publish","type":"page","link":"https:\/\/www.msg-bussard.de\/?page_id=96","title":{"rendered":"Allgemeines"},"content":{"rendered":"","protected":false},"excerpt":{"rendered":"","protected":false},"author":1,"featured_media":51,"parent":0,"menu_order":0,"comment_status":"closed","ping_status":"closed","template":"","meta":{"jetpack_post_was_ever_published":false,"footnotes":""},"class_list":["post-96","page","type-page","status-publish","has-post-thumbnail","hentry"],"jetpack_sharing_enabled":true,"jetpack_shortlink":"https:\/\/wp.me\/P8AbUy-1y","jetpack-related-posts":[{"id":138,"url":"https:\/\/www.msg-bussard.de\/?page_id=138","url_meta":{"origin":96,"position":0},"title":"Aufnahmeformulare","author":"Andre Schmitz","date":"2. April 2017","format":false,"excerpt":"Aufnahmeantrag SEPA-Lastschriftmandat Datenschutzrichtlinie der Modellsport-Gemeinschaft Bussard e. V.","rel":"","context":"\u00c4hnlicher Beitrag","block_context":{"text":"\u00c4hnlicher Beitrag","link":""},"img":{"alt_text":"","src":"https:\/\/i0.wp.com\/www.msg-bussard.de\/wp-content\/uploads\/2017\/03\/header_4.jpg?fit=950%2C300&ssl=1&resize=350%2C200","width":350,"height":200,"srcset":"https:\/\/i0.wp.com\/www.msg-bussard.de\/wp-content\/uploads\/2017\/03\/header_4.jpg?fit=950%2C300&ssl=1&resize=350%2C200 1x, https:\/\/i0.wp.com\/www.msg-bussard.de\/wp-content\/uploads\/2017\/03\/header_4.jpg?fit=950%2C300&ssl=1&resize=525%2C300 1.5x, https:\/\/i0.wp.com\/www.msg-bussard.de\/wp-content\/uploads\/2017\/03\/header_4.jpg?fit=950%2C300&ssl=1&resize=700%2C400 2x"},"classes":[]},{"id":103,"url":"https:\/\/www.msg-bussard.de\/?page_id=103","url_meta":{"origin":96,"position":1},"title":"Flugbetriebsordnung","author":"Andre Schmitz","date":"2. April 2017","format":false,"excerpt":"(Kurzfassung) \u00a7 1 1. Mit Betreten des Modellflugplatzes erkennt jeder die Flugbetriebsordnung an. Es gilt \u00a71 der LuftVO. 2. Teilnehmer am Modellflugbetrieb haben sich so zu verhalten, dass die allgemeine Sicherheit und Ordnung sowie der Flugbetrieb weder gef\u00e4hrdet noch eingeschr\u00e4nkt wird. \u00a7 2 Bei einem Modellflugbetrieb in der Luft und\/oder\u2026","rel":"","context":"\u00c4hnlicher Beitrag","block_context":{"text":"\u00c4hnlicher Beitrag","link":""},"img":{"alt_text":"","src":"","width":0,"height":0},"classes":[]},{"id":69,"url":"https:\/\/www.msg-bussard.de\/?page_id=69","url_meta":{"origin":96,"position":2},"title":"Satzung","author":"Andre Schmitz","date":"2. April 2017","format":false,"excerpt":"der Modellflug-Sport-Gemeinschaft-Bussard e.V. \u00a0 \u00a71 NAME. SITZ. GERICHTSSTAND und GR\u00dcNDUNG Der Verein tr\u00e4gt den Namen \" Modellflug-Sport-Gemeinschaft-Bussard \" mit dem Zusatz \" e.V. \" Der Sitz des Vereins ist Wittorf. Der Gerichtsstand ist L\u00fcneburg. Der Gr\u00fcndungstag ist der 31. Januar 1981 und der Gr\u00fcndungsort Wittorf. \u00a0 \u00a72 ZWECK und ZIEL\u2026","rel":"","context":"\u00c4hnlicher Beitrag","block_context":{"text":"\u00c4hnlicher Beitrag","link":""},"img":{"alt_text":"","src":"","width":0,"height":0},"classes":[]}],"_links":{"self":[{"href":"https:\/\/www.msg-bussard.de\/index.php?rest_route=\/wp\/v2\/pages\/96","targetHints":{"allow":["GET"]}}],"collection":[{"href":"https:\/\/www.msg-bussard.de\/index.php?rest_route=\/wp\/v2\/pages"}],"about":[{"href":"https:\/\/www.msg-bussard.de\/index.php?rest_route=\/wp\/v2\/types\/page"}],"author":[{"embeddable":true,"href":"https:\/\/www.msg-bussard.de\/index.php?rest_route=\/wp\/v2\/users\/1"}],"replies":[{"embeddable":true,"href":"https:\/\/www.msg-bussard.de\/index.php?rest_route=%2Fwp%2Fv2%2Fcomments&post=96"}],"version-history":[{"count":2,"href":"https:\/\/www.msg-bussard.de\/index.php?rest_route=\/wp\/v2\/pages\/96\/revisions"}],"predecessor-version":[{"id":215,"href":"https:\/\/www.msg-bussard.de\/index.php?rest_route=\/wp\/v2\/pages\/96\/revisions\/215"}],"wp:featuredmedia":[{"embeddable":true,"href":"https:\/\/www.msg-bussard.de\/index.php?rest_route=\/wp\/v2\/media\/51"}],"wp:attachment":[{"href":"https:\/\/www.msg-bussard.de\/index.php?rest_route=%2Fwp%2Fv2%2Fmedia&parent=96"}],"curies":[{"name":"wp","href":"https:\/\/api.w.org\/{rel}","templated":true}]}}